{"id":540,"date":"2015-05-29T10:27:04","date_gmt":"2015-05-29T09:27:04","guid":{"rendered":"https:\/\/www.responsablia.com\/?page_id=540"},"modified":"2020-05-28T23:34:19","modified_gmt":"2020-05-28T22:34:19","slug":"sobre-nosaltres","status":"publish","type":"page","link":"https:\/\/www.responsablia.com\/ca\/sobre-nosaltres\/","title":{"rendered":"La Nostra Identitat"},"content":{"rendered":"\t\t<div data-elementor-type=\"wp-page\" data-elementor-id=\"540\" class=\"elementor elementor-540\" data-elementor-settings=\"[]\">\n\t\t\t\t\t\t\t<div class=\"elementor-section-wrap\">\n\t\t\t\t\t\t\t<section class=\"elementor-element elementor-element-2a1ae99 elementor-section-stretched elementor-section-full_width elementor-section-content-top elementor-section-height-default elementor-section-height-default elementor-section elementor-top-section\" data-id=\"2a1ae99\" data-element_type=\"section\" data-settings=\"{&quot;stretch_section&quot;:&quot;section-stretched&quot;}\">\n\t\t\t\t\t\t<div class=\"elementor-container elementor-column-gap-no\">\n\t\t\t\t\t<div class=\"elementor-element elementor-element-e4be113 elementor-column elementor-col-100 elementor-top-column\" data-id=\"e4be113\" data-element_type=\"column\">\n\t\t\t<div class=\"elementor-widget-wrap elementor-element-populated\">\n\t\t\t\t\t\t\t\t<div class=\"elementor-element elementor-element-d5cd9e3 elementor--h-position-center elementor--v-position-middle elementor-arrows-position-inside elementor-widget elementor-widget-slides\" data-id=\"d5cd9e3\" data-element_type=\"widget\" data-settings=\"{&quot;navigation&quot;:&quot;arrows&quot;,&quot;infinite&quot;:&quot;yes&quot;,&quot;transition&quot;:&quot;slide&quot;,&quot;transition_speed&quot;:500}\" data-widget_type=\"slides.default\">\n\t\t\t\t<div class=\"elementor-widget-container\">\n\t\t\t\t\t<div class=\"elementor-swiper\">\n\t\t\t<div class=\"elementor-slides-wrapper elementor-main-swiper swiper-container\" dir=\"ltr\" data-animation=\"fadeInUp\">\n\t\t\t\t<div class=\"swiper-wrapper elementor-slides\">\n\t\t\t\t\t<div class=\"elementor-repeater-item-f766d09 swiper-slide\"><div class=\"swiper-slide-bg elementor-ken-burns elementor-ken-burns--in\"><\/div><div class=\"elementor-background-overlay\"><\/div><div class=\"swiper-slide-inner\" ><div class=\"swiper-slide-contents\"><div class=\"elementor-slide-heading\">NOSTRA IDENTITAT: NOSALTRES<\/div><div class=\"elementor-slide-description\">Professionals amb passi\u00f3, experi\u00e8ncia i motivaci\u00f3 per a assessorar i formar en SOSTENIBILITAT i RSE\n<\/div><\/div><\/div><\/div><div class=\"elementor-repeater-item-11aa511 swiper-slide\"><div class=\"swiper-slide-bg elementor-ken-burns elementor-ken-burns--in\"><\/div><div class=\"swiper-slide-inner\" ><div class=\"swiper-slide-contents\"><div class=\"elementor-slide-heading\">GESTI\u00d3 \u00c8TICA i TRANSPARENT<\/div><div class=\"elementor-slide-description\">Cultura empresarial assentada en els pilars de la missi\u00f3, visi\u00f3, valors i codi \u00e8tic<\/div><\/div><\/div><\/div>\t\t\t\t<\/div>\n\t\t\t\t\t\t\t\t\t\t\t\t\t\t\t\t\t\t\t\t<div class=\"elementor-swiper-button elementor-swiper-button-prev\">\n\t\t\t\t\t\t\t<i class=\"eicon-chevron-left\" aria-hidden=\"true\"><\/i>\n\t\t\t\t\t\t\t<span class=\"elementor-screen-only\">Previous<\/span>\n\t\t\t\t\t\t<\/div>\n\t\t\t\t\t\t<div class=\"elementor-swiper-button elementor-swiper-button-next\">\n\t\t\t\t\t\t\t<i class=\"eicon-chevron-right\" aria-hidden=\"true\"><\/i>\n\t\t\t\t\t\t\t<span class=\"elementor-screen-only\">Next<\/span>\n\t\t\t\t\t\t<\/div>\n\t\t\t\t\t\t\t\t\t\t\t\t<\/div>\n\t\t<\/div>\n\t\t\t\t<\/div>\n\t\t\t\t<\/div>\n\t\t\t\t\t<\/div>\n\t\t<\/div>\n\t\t\t\t\t\t\t<\/div>\n\t\t<\/section>\n\t\t\t\t<section class=\"elementor-element elementor-element-503db4e elementor-section-boxed elementor-section-height-default elementor-section-height-default elementor-section elementor-top-section\" data-id=\"503db4e\" data-element_type=\"section\">\n\t\t\t\t\t\t<div class=\"elementor-container elementor-column-gap-default\">\n\t\t\t\t\t<div class=\"elementor-element elementor-element-232263f elementor-column elementor-col-100 elementor-top-column\" data-id=\"232263f\" data-element_type=\"column\">\n\t\t\t<div class=\"elementor-widget-wrap elementor-element-populated\">\n\t\t\t\t\t\t\t\t<div class=\"elementor-element elementor-element-e008c72 elementor-widget elementor-widget-spacer\" data-id=\"e008c72\" data-element_type=\"widget\" data-widget_type=\"spacer.default\">\n\t\t\t\t<div class=\"elementor-widget-container\">\n\t\t\t\t\t<div class=\"elementor-spacer\">\n\t\t\t<div class=\"elementor-spacer-inner\"><\/div>\n\t\t<\/div>\n\t\t\t\t<\/div>\n\t\t\t\t<\/div>\n\t\t\t\t\t<\/div>\n\t\t<\/div>\n\t\t\t\t\t\t\t<\/div>\n\t\t<\/section>\n\t\t\t\t<section class=\"elementor-element elementor-element-8224d18 elementor-section-stretched elementor-section-boxed elementor-section-height-default elementor-section-height-default elementor-section elementor-top-section\" data-id=\"8224d18\" data-element_type=\"section\" data-settings=\"{&quot;stretch_section&quot;:&quot;section-stretched&quot;}\">\n\t\t\t\t\t\t<div class=\"elementor-container elementor-column-gap-default\">\n\t\t\t\t\t<div class=\"elementor-element elementor-element-3fc87d5 elementor-column elementor-col-100 elementor-top-column\" data-id=\"3fc87d5\" data-element_type=\"column\">\n\t\t\t<div class=\"elementor-widget-wrap elementor-element-populated\">\n\t\t\t\t\t\t\t\t<div class=\"elementor-element elementor-element-e19c66b elementor-widget elementor-widget-heading\" data-id=\"e19c66b\" data-element_type=\"widget\" data-widget_type=\"heading.default\">\n\t\t\t\t<div class=\"elementor-widget-container\">\n\t\t\t<h2 class=\"elementor-heading-title elementor-size-large\">Nostra identitat<\/h2>\t\t<\/div>\n\t\t\t\t<\/div>\n\t\t\t\t\t<\/div>\n\t\t<\/div>\n\t\t\t\t\t\t\t<\/div>\n\t\t<\/section>\n\t\t\t\t<section class=\"elementor-element elementor-element-71c44a8f elementor-section-stretched elementor-section-boxed elementor-section-height-default elementor-section-height-default elementor-section elementor-top-section\" data-id=\"71c44a8f\" data-element_type=\"section\" data-settings=\"{&quot;stretch_section&quot;:&quot;section-stretched&quot;}\">\n\t\t\t\t\t\t<div class=\"elementor-container elementor-column-gap-default\">\n\t\t\t\t\t<div class=\"elementor-element elementor-element-7a5f40a9 elementor-column elementor-col-100 elementor-top-column\" data-id=\"7a5f40a9\" data-element_type=\"column\">\n\t\t\t<div class=\"elementor-widget-wrap elementor-element-populated\">\n\t\t\t\t\t\t\t\t<div class=\"elementor-element elementor-element-3075ab47 elementor-widget elementor-widget-text-editor\" data-id=\"3075ab47\" data-element_type=\"widget\" data-widget_type=\"text-editor.default\">\n\t\t\t\t<div class=\"elementor-widget-container\">\n\t\t\t\t\t<div class=\"elementor-text-editor elementor-clearfix\"><div style=\"width: 100%;\"><p><strong>RESPONSABLIA<\/strong> la formen un grup de professionals de proced\u00e8ncia multidisciplin\u00e0ria, amb anys d&#8217;experi\u00e8ncia en diferents sectors d&#8217;activitat, que cre\u00efn en el projecte i en el prop\u00f2sit de l&#8217;empresa, que es resumeixen en l&#8217;aportaci\u00f3, la formaci\u00f3 i informaci\u00f3 i l&#8217;acompanyament per a incorporar la sostenibilitat i la responsabilitat social en les organitzacions.<br \/><br \/>Per a con\u00e8ixer-nos:<a href=\"https:\/\/www.responsablia.com\/ca\/amicos\/\"> Entra a veure el nostre Equip<\/a><\/p><\/div><\/div>\n\t\t\t\t<\/div>\n\t\t\t\t<\/div>\n\t\t\t\t\t<\/div>\n\t\t<\/div>\n\t\t\t\t\t\t\t<\/div>\n\t\t<\/section>\n\t\t\t\t<section class=\"elementor-element elementor-element-613853b elementor-section-boxed elementor-section-height-default elementor-section-height-default elementor-section elementor-top-section\" data-id=\"613853b\" data-element_type=\"section\">\n\t\t\t\t\t\t<div class=\"elementor-container elementor-column-gap-default\">\n\t\t\t\t\t<div class=\"elementor-element elementor-element-d1ac514 elementor-column elementor-col-100 elementor-top-column\" data-id=\"d1ac514\" data-element_type=\"column\">\n\t\t\t<div class=\"elementor-widget-wrap elementor-element-populated\">\n\t\t\t\t\t\t\t\t<div class=\"elementor-element elementor-element-cb35b4f elementor-widget elementor-widget-spacer\" data-id=\"cb35b4f\" data-element_type=\"widget\" data-widget_type=\"spacer.default\">\n\t\t\t\t<div class=\"elementor-widget-container\">\n\t\t\t\t\t<div class=\"elementor-spacer\">\n\t\t\t<div class=\"elementor-spacer-inner\"><\/div>\n\t\t<\/div>\n\t\t\t\t<\/div>\n\t\t\t\t<\/div>\n\t\t\t\t\t<\/div>\n\t\t<\/div>\n\t\t\t\t\t\t\t<\/div>\n\t\t<\/section>\n\t\t\t\t<section class=\"elementor-element elementor-element-adda292 elementor-section-stretched elementor-section-boxed elementor-section-height-default elementor-section-height-default elementor-section elementor-top-section\" data-id=\"adda292\" data-element_type=\"section\" data-settings=\"{&quot;stretch_section&quot;:&quot;section-stretched&quot;}\">\n\t\t\t\t\t\t<div class=\"elementor-container elementor-column-gap-default\">\n\t\t\t\t\t<div class=\"elementor-element elementor-element-028e363 elementor-column elementor-col-33 elementor-top-column\" data-id=\"028e363\" data-element_type=\"column\" data-settings=\"{&quot;background_background&quot;:&quot;classic&quot;}\">\n\t\t\t<div class=\"elementor-widget-wrap elementor-element-populated\">\n\t\t\t\t\t\t\t\t<div class=\"elementor-element elementor-element-6ffb68c elementor-position-top elementor-vertical-align-top elementor-widget elementor-widget-image-box\" data-id=\"6ffb68c\" data-element_type=\"widget\" data-widget_type=\"image-box.default\">\n\t\t\t\t<div class=\"elementor-widget-container\">\n\t\t\t<div class=\"elementor-image-box-wrapper\"><figure class=\"elementor-image-box-img\"><a href=\"https:\/\/www.responsablia.com\/servicios\/\"><img src=\"https:\/\/www.responsablia.com\/wp-content\/uploads\/2020\/05\/mision.svg\" class=\"attachment-full size-full\" alt=\"\" loading=\"lazy\" \/><\/a><\/figure><div class=\"elementor-image-box-content\"><h3 class=\"elementor-image-box-title\"><a href=\"https:\/\/www.responsablia.com\/servicios\/\">MISSI\u00d3<\/a><\/h3><p class=\"elementor-image-box-description\">Gesti\u00f3, formaci\u00f3 i sensibilitzaci\u00f3 en mat\u00e8ria de RS&S, Responsabilitat Social & Sostenibilitat en les organitzacions. En concret, oferint tota una s\u00e8rie de serveis, els quals es detallen en els nostres Serveis.<\/p><\/div><\/div>\t\t<\/div>\n\t\t\t\t<\/div>\n\t\t\t\t\t<\/div>\n\t\t<\/div>\n\t\t\t\t<div class=\"elementor-element elementor-element-c364110 elementor-column elementor-col-33 elementor-top-column\" data-id=\"c364110\" data-element_type=\"column\" data-settings=\"{&quot;background_background&quot;:&quot;classic&quot;}\">\n\t\t\t<div class=\"elementor-widget-wrap elementor-element-populated\">\n\t\t\t\t\t\t\t\t<div class=\"elementor-element elementor-element-3248628 elementor-position-top elementor-vertical-align-top elementor-widget elementor-widget-image-box\" data-id=\"3248628\" data-element_type=\"widget\" data-widget_type=\"image-box.default\">\n\t\t\t\t<div class=\"elementor-widget-container\">\n\t\t\t<div class=\"elementor-image-box-wrapper\"><figure class=\"elementor-image-box-img\"><a href=\"https:\/\/www.responsablia.com\/servicios\/\"><img src=\"https:\/\/www.responsablia.com\/wp-content\/uploads\/2020\/05\/vision.svg\" class=\"attachment-full size-full\" alt=\"\" loading=\"lazy\" \/><\/a><\/figure><div class=\"elementor-image-box-content\"><h3 class=\"elementor-image-box-title\"><a href=\"https:\/\/www.responsablia.com\/servicios\/\">VISI\u00d3<\/a><\/h3><p class=\"elementor-image-box-description\">Ser un referent en la nostra \u00e0rea d'activitat, la RS&S, Responsabilitat Social & Sostenibilitat, no sols pels nostres clients i col\u00b7laboradors, sin\u00f3 tamb\u00e9 per a tots els grups d'inter\u00e8s amb els quals ens relacionem. En \u00faltim terme, per a la societat en general, el medi ambient i les generacions futures.<\/p><\/div><\/div>\t\t<\/div>\n\t\t\t\t<\/div>\n\t\t\t\t\t<\/div>\n\t\t<\/div>\n\t\t\t\t<div class=\"elementor-element elementor-element-4ae1735 elementor-column elementor-col-33 elementor-top-column\" data-id=\"4ae1735\" data-element_type=\"column\" data-settings=\"{&quot;background_background&quot;:&quot;classic&quot;}\">\n\t\t\t<div class=\"elementor-widget-wrap elementor-element-populated\">\n\t\t\t\t\t\t\t\t<div class=\"elementor-element elementor-element-7ceb866 elementor-position-top elementor-vertical-align-top elementor-widget elementor-widget-image-box\" data-id=\"7ceb866\" data-element_type=\"widget\" data-widget_type=\"image-box.default\">\n\t\t\t\t<div class=\"elementor-widget-container\">\n\t\t\t<div class=\"elementor-image-box-wrapper\"><figure class=\"elementor-image-box-img\"><a href=\"https:\/\/www.responsablia.com\/servicios\/\"><img src=\"https:\/\/www.responsablia.com\/wp-content\/uploads\/2020\/05\/valores-1.svg\" class=\"attachment-full size-full\" alt=\"\" loading=\"lazy\" \/><\/a><\/figure><div class=\"elementor-image-box-content\"><h3 class=\"elementor-image-box-title\"><a href=\"https:\/\/www.responsablia.com\/servicios\/\">VALORS<\/a><\/h3><p class=\"elementor-image-box-description\">\u00c8tica, transpar\u00e8ncia, treball en equip, respecte, innovaci\u00f3 i integritat.\nEs materialitzen mitjan\u00e7ant el nostre codi \u00e8tic, la rendici\u00f3 de comptes, la col\u00b7laboraci\u00f3, l'empatia, la creativitat i l'honradesa en totes les nostres decisions i activitats.<\/p><\/div><\/div>\t\t<\/div>\n\t\t\t\t<\/div>\n\t\t\t\t\t<\/div>\n\t\t<\/div>\n\t\t\t\t\t\t\t<\/div>\n\t\t<\/section>\n\t\t\t\t<section class=\"elementor-element elementor-element-064f33f elementor-section-stretched elementor-section-boxed elementor-section-height-default elementor-section-height-default elementor-section elementor-top-section\" data-id=\"064f33f\" data-element_type=\"section\" data-settings=\"{&quot;stretch_section&quot;:&quot;section-stretched&quot;}\">\n\t\t\t\t\t\t<div class=\"elementor-container elementor-column-gap-default\">\n\t\t\t\t\t<div class=\"elementor-element elementor-element-12a29b8 elementor-column elementor-col-33 elementor-top-column\" data-id=\"12a29b8\" data-element_type=\"column\" data-settings=\"{&quot;background_background&quot;:&quot;classic&quot;}\">\n\t\t\t<div class=\"elementor-widget-wrap elementor-element-populated\">\n\t\t\t\t\t\t\t\t<div class=\"elementor-element elementor-element-f4f9caa elementor-position-top elementor-vertical-align-top elementor-widget elementor-widget-image-box\" data-id=\"f4f9caa\" data-element_type=\"widget\" data-widget_type=\"image-box.default\">\n\t\t\t\t<div class=\"elementor-widget-container\">\n\t\t\t<div class=\"elementor-image-box-wrapper\"><figure class=\"elementor-image-box-img\"><a href=\"https:\/\/www.responsablia.com\/servicios\/\"><img src=\"https:\/\/www.responsablia.com\/wp-content\/uploads\/2020\/05\/proposito.svg\" class=\"attachment-full size-full\" alt=\"\" loading=\"lazy\" \/><\/a><\/figure><div class=\"elementor-image-box-content\"><h3 class=\"elementor-image-box-title\"><a href=\"https:\/\/www.responsablia.com\/servicios\/\">PROP\u00d2SIT<\/a><\/h3><p class=\"elementor-image-box-description\">Generar un impacte positiu en les organitzacions, reflectit en un valor compartit, un valor afegit i un valor intangible visibles i reconeguts per tots els grups d'inter\u00e8s afectats.<\/p><\/div><\/div>\t\t<\/div>\n\t\t\t\t<\/div>\n\t\t\t\t\t<\/div>\n\t\t<\/div>\n\t\t\t\t<div class=\"elementor-element elementor-element-184a5c6 elementor-column elementor-col-33 elementor-top-column\" data-id=\"184a5c6\" data-element_type=\"column\" data-settings=\"{&quot;background_background&quot;:&quot;classic&quot;}\">\n\t\t\t<div class=\"elementor-widget-wrap elementor-element-populated\">\n\t\t\t\t\t\t\t\t<div class=\"elementor-element elementor-element-824f68c elementor-position-top elementor-vertical-align-top elementor-widget elementor-widget-image-box\" data-id=\"824f68c\" data-element_type=\"widget\" data-widget_type=\"image-box.default\">\n\t\t\t\t<div class=\"elementor-widget-container\">\n\t\t\t<div class=\"elementor-image-box-wrapper\"><figure class=\"elementor-image-box-img\"><a href=\"https:\/\/www.responsablia.com\/servicios\/\"><img src=\"https:\/\/www.responsablia.com\/wp-content\/uploads\/2020\/05\/contribucion-3.svg\" class=\"attachment-full size-full\" alt=\"\" loading=\"lazy\" \/><\/a><\/figure><div class=\"elementor-image-box-content\"><h3 class=\"elementor-image-box-title\"><a href=\"https:\/\/www.responsablia.com\/servicios\/\">CONTRIBUCI\u00d3<\/a><\/h3><p class=\"elementor-image-box-description\">\nIntegrar la RS&S, Responsabilitat Social & Sostenibilitat en l'estrat\u00e8gia i gesti\u00f3 de les organitzacions, mitjan\u00e7ant el suport a l'Agenda 2030, amb el compliment de diversos ODS, Objectius de Desenvolupament Sostenible.<\/p><\/div><\/div>\t\t<\/div>\n\t\t\t\t<\/div>\n\t\t\t\t\t<\/div>\n\t\t<\/div>\n\t\t\t\t<div class=\"elementor-element elementor-element-e4db774 elementor-column elementor-col-33 elementor-top-column\" data-id=\"e4db774\" data-element_type=\"column\" data-settings=\"{&quot;background_background&quot;:&quot;classic&quot;}\">\n\t\t\t<div class=\"elementor-widget-wrap elementor-element-populated\">\n\t\t\t\t\t\t\t\t<div class=\"elementor-element elementor-element-42ad050 elementor-position-top elementor-vertical-align-top elementor-widget elementor-widget-image-box\" data-id=\"42ad050\" data-element_type=\"widget\" data-widget_type=\"image-box.default\">\n\t\t\t\t<div class=\"elementor-widget-container\">\n\t\t\t<div class=\"elementor-image-box-wrapper\"><figure class=\"elementor-image-box-img\"><a href=\"https:\/\/www.responsablia.com\/servicios\/\"><img src=\"https:\/\/www.responsablia.com\/wp-content\/uploads\/2020\/05\/compromiso.svg\" class=\"attachment-full size-full\" alt=\"\" loading=\"lazy\" \/><\/a><\/figure><div class=\"elementor-image-box-content\"><h3 class=\"elementor-image-box-title\"><a href=\"https:\/\/www.responsablia.com\/servicios\/\">COMPROM\u00cdS<\/a><\/h3><p class=\"elementor-image-box-description\">Aportar valor a la comunitat local on operem amb els nostres clients i col\u00b7laboradors, i amb la resta dels nostres grups d'inter\u00e8s, mitjan\u00e7ant el triple focus d'actuaci\u00f3: econ\u00f2mic, social i ambiental.<\/p><\/div><\/div>\t\t<\/div>\n\t\t\t\t<\/div>\n\t\t\t\t\t<\/div>\n\t\t<\/div>\n\t\t\t\t\t\t\t<\/div>\n\t\t<\/section>\n\t\t\t\t<section class=\"elementor-element elementor-element-fd33aba elementor-section-boxed elementor-section-height-default elementor-section-height-default elementor-section elementor-top-section\" data-id=\"fd33aba\" data-element_type=\"section\">\n\t\t\t\t\t\t<div class=\"elementor-container elementor-column-gap-default\">\n\t\t\t\t\t<div class=\"elementor-element elementor-element-9e7027b elementor-column elementor-col-100 elementor-top-column\" data-id=\"9e7027b\" data-element_type=\"column\">\n\t\t\t<div class=\"elementor-widget-wrap elementor-element-populated\">\n\t\t\t\t\t\t\t\t<div class=\"elementor-element elementor-element-630c220 elementor-widget elementor-widget-spacer\" data-id=\"630c220\" data-element_type=\"widget\" data-widget_type=\"spacer.default\">\n\t\t\t\t<div class=\"elementor-widget-container\">\n\t\t\t\t\t<div class=\"elementor-spacer\">\n\t\t\t<div class=\"elementor-spacer-inner\"><\/div>\n\t\t<\/div>\n\t\t\t\t<\/div>\n\t\t\t\t<\/div>\n\t\t\t\t\t<\/div>\n\t\t<\/div>\n\t\t\t\t\t\t\t<\/div>\n\t\t<\/section>\n\t\t\t\t<section class=\"elementor-element elementor-element-871d3c7 elementor-section-stretched elementor-section-boxed elementor-section-height-default elementor-section-height-default elementor-section elementor-top-section\" data-id=\"871d3c7\" data-element_type=\"section\" data-settings=\"{&quot;stretch_section&quot;:&quot;section-stretched&quot;}\">\n\t\t\t\t\t\t<div class=\"elementor-container elementor-column-gap-default\">\n\t\t\t\t\t<div class=\"elementor-element elementor-element-cc377f5 elementor-column elementor-col-100 elementor-top-column\" data-id=\"cc377f5\" data-element_type=\"column\">\n\t\t\t<div class=\"elementor-widget-wrap elementor-element-populated\">\n\t\t\t\t\t\t\t\t<div class=\"elementor-element elementor-element-272b44d elementor-widget elementor-widget-heading\" data-id=\"272b44d\" data-element_type=\"widget\" data-widget_type=\"heading.default\">\n\t\t\t\t<div class=\"elementor-widget-container\">\n\t\t\t<h2 class=\"elementor-heading-title elementor-size-default\">Gesti\u00f3 \u00e8tica i transparent, implica credibilitat i confian\u00e7a.<\/h2>\t\t<\/div>\n\t\t\t\t<\/div>\n\t\t\t\t\t<\/div>\n\t\t<\/div>\n\t\t\t\t\t\t\t<\/div>\n\t\t<\/section>\n\t\t\t\t<section class=\"elementor-element elementor-element-406edf8 elementor-section-stretched elementor-section-boxed elementor-section-height-default elementor-section-height-default elementor-section elementor-top-section\" data-id=\"406edf8\" data-element_type=\"section\" data-settings=\"{&quot;stretch_section&quot;:&quot;section-stretched&quot;}\">\n\t\t\t\t\t\t<div class=\"elementor-container elementor-column-gap-no\">\n\t\t\t\t\t<div class=\"elementor-element elementor-element-8a7a84d elementor-column elementor-col-50 elementor-top-column\" data-id=\"8a7a84d\" data-element_type=\"column\">\n\t\t\t<div class=\"elementor-widget-wrap elementor-element-populated\">\n\t\t\t\t\t\t\t\t<div class=\"elementor-element elementor-element-8abb108 elementor-position-top elementor-vertical-align-top elementor-widget elementor-widget-image-box\" data-id=\"8abb108\" data-element_type=\"widget\" data-widget_type=\"image-box.default\">\n\t\t\t\t<div class=\"elementor-widget-container\">\n\t\t\t<div class=\"elementor-image-box-wrapper\"><div class=\"elementor-image-box-content\"><h3 class=\"elementor-image-box-title\"><a href=\"#elementor-action%3Aaction%3Dpopup%3Aopen%26settings%3DeyJpZCI6IjMyOTMiLCJ0b2dnbGUiOmZhbHNlfQ%3D%3D\">CODI \u00c9TIC<\/a><\/h3><p class=\"elementor-image-box-description\">Suposa la integraci\u00f3 dels nostres valors amb l'acompliment de la nostra activitat. En concret, es desenvolupa mitjan\u00e7ant l'adhesi\u00f3 als compromisos continguts en el Codi Deontol\u00f2gic de la professi\u00f3 de \u2018Assessor en RS&S, Responsabilitat Social & Sostenibilitat\u2019. \u00a0<\/p><\/div><\/div>\t\t<\/div>\n\t\t\t\t<\/div>\n\t\t\t\t<div class=\"elementor-element elementor-element-88d9251 elementor-position-top elementor-vertical-align-top elementor-widget elementor-widget-image-box\" data-id=\"88d9251\" data-element_type=\"widget\" data-widget_type=\"image-box.default\">\n\t\t\t\t<div class=\"elementor-widget-container\">\n\t\t\t<div class=\"elementor-image-box-wrapper\"><div class=\"elementor-image-box-content\"><h3 class=\"elementor-image-box-title\"><a href=\"http:\/\/fundacioncorresponsables.org\/manifiesto.php\" target=\"_blank\" rel=\"nofollow\">Manifest per la Corresponsabilitat<\/a><\/h3><p class=\"elementor-image-box-description\">A m\u00e9s, d'acord amb els nostres valors, Responsablia s'adhereix al \u201cManifest per la Corresponsabilitat: cap a una corresponsabilitat social compartida\u201d.<\/p><\/div><\/div>\t\t<\/div>\n\t\t\t\t<\/div>\n\t\t\t\t\t<\/div>\n\t\t<\/div>\n\t\t\t\t<div class=\"elementor-element elementor-element-a41c6f4 elementor-column elementor-col-50 elementor-top-column\" data-id=\"a41c6f4\" data-element_type=\"column\">\n\t\t\t<div class=\"elementor-widget-wrap elementor-element-populated\">\n\t\t\t\t\t\t\t\t<div class=\"elementor-element elementor-element-5c93bee elementor-widget elementor-widget-text-editor\" data-id=\"5c93bee\" data-element_type=\"widget\" data-widget_type=\"text-editor.default\">\n\t\t\t\t<div class=\"elementor-widget-container\">\n\t\t\t\t\t<div class=\"elementor-text-editor elementor-clearfix\"><div><strong><img loading=\"lazy\" class=\"alignright\" src=\"\/wp-content\/uploads\/2013\/11\/identitad.png\" alt=\"\" width=\"508\" height=\"508\" \/><\/strong><\/div><\/div>\n\t\t\t\t<\/div>\n\t\t\t\t<\/div>\n\t\t\t\t\t<\/div>\n\t\t<\/div>\n\t\t\t\t\t\t\t<\/div>\n\t\t<\/section>\n\t\t\t\t\t\t<\/div>\n\t\t\t\t\t<\/div>\n\t\t","protected":false},"excerpt":{"rendered":"<p>NOSTRA IDENTITAT: NOSALTRESProfessionals amb passi\u00f3, experi\u00e8ncia i motivaci\u00f3 per a assessorar i formar en SOSTENIBILITAT i RSE GESTI\u00d3 \u00c8TICA i TRANSPARENTCultura empresarial assentada en els pilars de la missi\u00f3, visi\u00f3, valors i codi \u00e8tic Previous Next Nostra identitat RESPONSABLIA la formen un grup de professionals de proced\u00e8ncia multidisciplin\u00e0ria, amb anys d&#8217;experi\u00e8ncia en diferents sectors d&#8217;activitat, &hellip;<\/p>\n<p class=\"read-more\"> <a class=\"ast-button\" href=\"https:\/\/www.responsablia.com\/ca\/sobre-nosaltres\/\"> <span class=\"screen-reader-text\">La Nostra Identitat<\/span> Read More \u00bb<\/a><\/p>\n","protected":false},"author":1,"featured_media":0,"parent":0,"menu_order":0,"comment_status":"closed","ping_status":"closed","template":"","meta":[],"_links":{"self":[{"href":"https:\/\/www.responsablia.com\/ca\/wp-json\/wp\/v2\/pages\/540"}],"collection":[{"href":"https:\/\/www.responsablia.com\/ca\/wp-json\/wp\/v2\/pages"}],"about":[{"href":"https:\/\/www.responsablia.com\/ca\/wp-json\/wp\/v2\/types\/page"}],"author":[{"embeddable":true,"href":"https:\/\/www.responsablia.com\/ca\/wp-json\/wp\/v2\/users\/1"}],"replies":[{"embeddable":true,"href":"https:\/\/www.responsablia.com\/ca\/wp-json\/wp\/v2\/comments?post=540"}],"version-history":[{"count":22,"href":"https:\/\/www.responsablia.com\/ca\/wp-json\/wp\/v2\/pages\/540\/revisions"}],"predecessor-version":[{"id":3417,"href":"https:\/\/www.responsablia.com\/ca\/wp-json\/wp\/v2\/pages\/540\/revisions\/3417"}],"wp:attachment":[{"href":"https:\/\/www.responsablia.com\/ca\/wp-json\/wp\/v2\/media?parent=540"}],"curies":[{"name":"wp","href":"https:\/\/api.w.org\/{rel}","templated":true}]}}