{"id":547,"date":"2015-05-29T11:21:14","date_gmt":"2015-05-29T10:21:14","guid":{"rendered":"https:\/\/www.responsablia.com\/?page_id=547"},"modified":"2020-05-10T09:36:38","modified_gmt":"2020-05-10T08:36:38","slug":"codi-deontologic","status":"publish","type":"page","link":"https:\/\/www.responsablia.com\/ca\/codi-deontologic\/","title":{"rendered":"Codi Deontol\u00f2gic"},"content":{"rendered":"<p><strong>Codi deontol\u00f2gic de la professi\u00f3 de consultoria en Responsabilitat Social i sostenibilitat (RS&amp;S)<\/strong><\/p>\n<p>Com a professional de consultoria en responsabilitat social corporativa i sostenibilitat en les organitzacions, el meu prop\u00f2sit \u00e9s actuar com un promotor, inspirador i transmissor de coneixements que ajudi als meus clients a prendre decisions atenent, al mateix temps, els interessos i les necessitats actuals i futures de la pr\u00f2pia organitzaci\u00f3, de la societat i del planeta en el seu conjunt.<\/p>\n<p>Per tant, em comprometo a<\/p>\n<ol>\n<li>\u00a0Comportar-me de forma \u00e8tica i amb la m\u00e9s alta integritat. El meu comportament personal es regir\u00e0 per la integritat i la coher\u00e8ncia amb els valors propis de la \u00e8tica i la RS&amp;S.<\/li>\n<li>Promoure la integraci\u00f3 de la RS&amp;S en les organitzacions, de manera que creuen valor afavorint el b\u00e9 com\u00fa. Em mantindr\u00e9 al corrent de les novetats que es produeixen en el meu \u00e0mbit. A m\u00e9s i tenint en compte el car\u00e0cter interdisciplinari, transversal i hol\u00ecstic de la responsabilitat i la sostenibilitat, promour\u00e9 la col\u2022laboraci\u00f3, la recerca i la integraci\u00f3 en aquesta \u00e0rea de persones, coneixements i experi\u00e8ncies que provinguin d&#8217;altres camps.<\/li>\n<li>Evitar el conflicte d&#8217;interessos en l&#8217;exercici de la meva professi\u00f3. Rehuir\u00e9 crear o proposar tota mena de propostes e iniciatives que em portin a ser jutge i part interessada. Tamb\u00e9 rehusar\u00e9 a participar en projectes que serveixen per maquillar, justificar o amagar actuacions contr\u00e0ries als principis de l&#8217;RS&amp;S.<\/li>\n<li>Defensar els leg\u00edtim interessos dels meus clients mantenint la meva independ\u00e8ncia i el meu comprom\u00eds amb la RS&amp;S. Els principis i valors que guiaran les relacions amb els meus clients seran la confidencialitat, la honestedat, la confian\u00e7a i el b\u00e9 com\u00fa.<\/li>\n<li>Promoure que els meus clients integrin la RS&amp;S a la seva cultura, govern, relacions, estrat\u00e8gia, productes, serveis i operacions en general. En el treball amb els meus clients els acompanyar\u00e9 en el proc\u00e9s d&#8217;integraci\u00f3 de la RS&amp;S en la seva cultura. Procurar\u00e9 que, tant les seves activitats internes com les seves relacions i di\u00e0leg amb els seus grups d\u2019inter\u00e8s, siguin coherents amb els valors de la RS&amp;S.<\/li>\n<li>En les meves relacions i actuacions p\u00fabliques mostrar el m\u00e0xim respecte per la feina d&#8217;altres professionals de la consultoria de RS&amp;S. Defensar\u00e9 la pr\u00e0ctica responsable de la consultoria i promoure la cooperaci\u00f3 per sobre la compet\u00e8ncia.<\/li>\n<li>Actuar com un agent de canvi. La meva aportaci\u00f3 a la RS&amp;S de les organitzacions, a part d\u2019assessorar t\u00e8cnicament, buscar\u00e9 la seva transformaci\u00f3 en nom del b\u00e9 com\u00fa. Aix\u00ed mateix, donar\u00e9 suport a que el marc legal estigui alineat amb els principis de la RS&amp;S i el b\u00e9 com\u00fa.<\/li>\n<\/ol>\n","protected":false},"excerpt":{"rendered":"<p>Codi deontol\u00f2gic de la professi\u00f3 de consultoria en Responsabilitat Social i sostenibilitat (RS&amp;S) Com a professional de consultoria en responsabilitat social corporativa i sostenibilitat en les organitzacions, el meu prop\u00f2sit \u00e9s actuar com un promotor, inspirador i transmissor de coneixements que ajudi als meus clients a prendre decisions atenent, al mateix temps, els interessos i &hellip;<\/p>\n<p class=\"read-more\"> <a class=\"ast-button\" href=\"https:\/\/www.responsablia.com\/ca\/codi-deontologic\/\"> <span class=\"screen-reader-text\">Codi Deontol\u00f2gic<\/span> Read More \u00bb<\/a><\/p>\n","protected":false},"author":1,"featured_media":0,"parent":0,"menu_order":0,"comment_status":"open","ping_status":"open","template":"","meta":[],"_links":{"self":[{"href":"https:\/\/www.responsablia.com\/ca\/wp-json\/wp\/v2\/pages\/547"}],"collection":[{"href":"https:\/\/www.responsablia.com\/ca\/wp-json\/wp\/v2\/pages"}],"about":[{"href":"https:\/\/www.responsablia.com\/ca\/wp-json\/wp\/v2\/types\/page"}],"author":[{"embeddable":true,"href":"https:\/\/www.responsablia.com\/ca\/wp-json\/wp\/v2\/users\/1"}],"replies":[{"embeddable":true,"href":"https:\/\/www.responsablia.com\/ca\/wp-json\/wp\/v2\/comments?post=547"}],"version-history":[{"count":1,"href":"https:\/\/www.responsablia.com\/ca\/wp-json\/wp\/v2\/pages\/547\/revisions"}],"predecessor-version":[{"id":548,"href":"https:\/\/www.responsablia.com\/ca\/wp-json\/wp\/v2\/pages\/547\/revisions\/548"}],"wp:attachment":[{"href":"https:\/\/www.responsablia.com\/ca\/wp-json\/wp\/v2\/media?parent=547"}],"curies":[{"name":"wp","href":"https:\/\/api.w.org\/{rel}","templated":true}]}}