{"id":587,"date":"2015-06-02T10:05:48","date_gmt":"2015-06-02T09:05:48","guid":{"rendered":"https:\/\/www.responsablia.com\/?page_id=587"},"modified":"2020-05-28T20:45:05","modified_gmt":"2020-05-28T19:45:05","slug":"inici","status":"publish","type":"page","link":"https:\/\/www.responsablia.com\/ca\/","title":{"rendered":"Inici"},"content":{"rendered":"\t\t<div data-elementor-type=\"wp-page\" data-elementor-id=\"587\" class=\"elementor elementor-587\" data-elementor-settings=\"[]\">\n\t\t\t\t\t\t\t<div class=\"elementor-section-wrap\">\n\t\t\t\t\t\t\t<section class=\"elementor-element elementor-element-9666e07 elementor-section-stretched elementor-section-full_width elementor-section-content-top elementor-section-height-default elementor-section-height-default elementor-section elementor-top-section\" data-id=\"9666e07\" data-element_type=\"section\" data-settings=\"{&quot;stretch_section&quot;:&quot;section-stretched&quot;}\">\n\t\t\t\t\t\t<div class=\"elementor-container elementor-column-gap-no\">\n\t\t\t\t\t<div class=\"elementor-element elementor-element-d1d6e9f elementor-column elementor-col-100 elementor-top-column\" data-id=\"d1d6e9f\" data-element_type=\"column\">\n\t\t\t<div class=\"elementor-widget-wrap elementor-element-populated\">\n\t\t\t\t\t\t\t\t<div class=\"elementor-element elementor-element-13ba46a elementor--h-position-center elementor--v-position-middle elementor-arrows-position-inside elementor-widget elementor-widget-slides\" data-id=\"13ba46a\" data-element_type=\"widget\" data-settings=\"{&quot;navigation&quot;:&quot;arrows&quot;,&quot;infinite&quot;:&quot;yes&quot;,&quot;transition&quot;:&quot;slide&quot;,&quot;transition_speed&quot;:500}\" data-widget_type=\"slides.default\">\n\t\t\t\t<div class=\"elementor-widget-container\">\n\t\t\t\t\t<div class=\"elementor-swiper\">\n\t\t\t<div class=\"elementor-slides-wrapper elementor-main-swiper swiper-container\" dir=\"ltr\" data-animation=\"fadeInUp\">\n\t\t\t\t<div class=\"swiper-wrapper elementor-slides\">\n\t\t\t\t\t<div class=\"elementor-repeater-item-f766d09 swiper-slide\"><div class=\"swiper-slide-bg elementor-ken-burns elementor-ken-burns--in\"><\/div><div class=\"elementor-background-overlay\"><\/div><div class=\"swiper-slide-inner\" ><div class=\"swiper-slide-contents\"><div class=\"elementor-slide-heading\">L'ALEGRIA NO EST\u00c0 EN LES COSES, SIN\u00d3 EN NOSALTRES<\/div><div class=\"elementor-slide-description\">\nRichard Wagner, compositor i dramaturg alemany (1813-1883)\n<\/div><\/div><\/div><\/div><div class=\"elementor-repeater-item-da0fce2 swiper-slide\"><div class=\"swiper-slide-bg elementor-ken-burns elementor-ken-burns--in\"><\/div><div class=\"elementor-background-overlay\"><\/div><div class=\"swiper-slide-inner\" ><div class=\"swiper-slide-contents\"><div class=\"elementor-slide-heading\"> LA RESPONSABILITAT DE L'HOME NO ES REFEREIX NOM\u00c9S A SI MATEIX, SIN\u00d3 A TOTA LA HUMANITAT<\/div><div class=\"elementor-slide-description\">Jean Paul Sartre, fil\u00f2sof i escriptor franc\u00e8s (1905-1980)\n<\/div><\/div><\/div><\/div><div class=\"elementor-repeater-item-9a9c696 swiper-slide\"><div class=\"swiper-slide-bg\"><\/div><div class=\"swiper-slide-inner\" ><div class=\"swiper-slide-contents\"><div class=\"elementor-slide-heading\">BUSCANT EL B\u00c9 DELS NOSTRES SEMBLANTS TROBAREM EL NOSTRE<\/div><div class=\"elementor-slide-description\">Eur\u00edpides, poeta grec (480 a. C.-406 a. C.)<\/div><\/div><\/div><\/div>\t\t\t\t<\/div>\n\t\t\t\t\t\t\t\t\t\t\t\t\t\t\t\t\t\t\t\t<div class=\"elementor-swiper-button elementor-swiper-button-prev\">\n\t\t\t\t\t\t\t<i class=\"eicon-chevron-left\" aria-hidden=\"true\"><\/i>\n\t\t\t\t\t\t\t<span class=\"elementor-screen-only\">Previous<\/span>\n\t\t\t\t\t\t<\/div>\n\t\t\t\t\t\t<div class=\"elementor-swiper-button elementor-swiper-button-next\">\n\t\t\t\t\t\t\t<i class=\"eicon-chevron-right\" aria-hidden=\"true\"><\/i>\n\t\t\t\t\t\t\t<span class=\"elementor-screen-only\">Next<\/span>\n\t\t\t\t\t\t<\/div>\n\t\t\t\t\t\t\t\t\t\t\t\t<\/div>\n\t\t<\/div>\n\t\t\t\t<\/div>\n\t\t\t\t<\/div>\n\t\t\t\t\t<\/div>\n\t\t<\/div>\n\t\t\t\t\t\t\t<\/div>\n\t\t<\/section>\n\t\t\t\t<section class=\"elementor-element elementor-element-f8bfde7 elementor-section-boxed elementor-section-height-default elementor-section-height-default elementor-section elementor-top-section\" data-id=\"f8bfde7\" data-element_type=\"section\">\n\t\t\t\t\t\t<div class=\"elementor-container elementor-column-gap-default\">\n\t\t\t\t\t<div class=\"elementor-element elementor-element-fb6cf22 elementor-column elementor-col-100 elementor-top-column\" data-id=\"fb6cf22\" data-element_type=\"column\">\n\t\t\t<div class=\"elementor-widget-wrap elementor-element-populated\">\n\t\t\t\t\t\t\t\t<div class=\"elementor-element elementor-element-0e801c1 elementor-widget elementor-widget-spacer\" data-id=\"0e801c1\" data-element_type=\"widget\" data-widget_type=\"spacer.default\">\n\t\t\t\t<div class=\"elementor-widget-container\">\n\t\t\t\t\t<div class=\"elementor-spacer\">\n\t\t\t<div class=\"elementor-spacer-inner\"><\/div>\n\t\t<\/div>\n\t\t\t\t<\/div>\n\t\t\t\t<\/div>\n\t\t\t\t\t<\/div>\n\t\t<\/div>\n\t\t\t\t\t\t\t<\/div>\n\t\t<\/section>\n\t\t\t\t<section class=\"elementor-element elementor-element-a357c48 elementor-section-boxed elementor-section-height-default elementor-section-height-default elementor-section elementor-top-section\" data-id=\"a357c48\" data-element_type=\"section\">\n\t\t\t\t\t\t<div class=\"elementor-container elementor-column-gap-default\">\n\t\t\t\t\t<div class=\"elementor-element elementor-element-48525c9 elementor-column elementor-col-100 elementor-top-column\" data-id=\"48525c9\" data-element_type=\"column\">\n\t\t\t<div class=\"elementor-widget-wrap elementor-element-populated\">\n\t\t\t\t\t\t\t\t<div class=\"elementor-element elementor-element-58a1fb6 elementor-widget elementor-widget-heading\" data-id=\"58a1fb6\" data-element_type=\"widget\" data-widget_type=\"heading.default\">\n\t\t\t\t<div class=\"elementor-widget-container\">\n\t\t\t<h2 class=\"elementor-heading-title elementor-size-default\">RESPONSABLIA, Assessoria en Sostenibilitat i RSE\/RSC<\/h2>\t\t<\/div>\n\t\t\t\t<\/div>\n\t\t\t\t\t<\/div>\n\t\t<\/div>\n\t\t\t\t\t\t\t<\/div>\n\t\t<\/section>\n\t\t\t\t<section class=\"elementor-element elementor-element-3947b318 elementor-section-boxed elementor-section-height-default elementor-section-height-default elementor-section elementor-top-section\" data-id=\"3947b318\" data-element_type=\"section\">\n\t\t\t\t\t\t<div class=\"elementor-container elementor-column-gap-default\">\n\t\t\t\t\t<div class=\"elementor-element elementor-element-331926f7 elementor-column elementor-col-100 elementor-top-column\" data-id=\"331926f7\" data-element_type=\"column\">\n\t\t\t<div class=\"elementor-widget-wrap elementor-element-populated\">\n\t\t\t\t\t\t\t\t<div class=\"elementor-element elementor-element-6aad02d0 elementor-widget elementor-widget-text-editor\" data-id=\"6aad02d0\" data-element_type=\"widget\" data-widget_type=\"text-editor.default\">\n\t\t\t\t<div class=\"elementor-widget-container\">\n\t\t\t\t\t<div class=\"elementor-text-editor elementor-clearfix\"><p><strong style=\"font-size: 16px;\">RESPONSABLIA<\/strong><span style=\"font-size: 16px;\"> \u00e9s una assessoria especialitzada en la gesti\u00f3, formaci\u00f3 i sensibilitzaci\u00f3 de la RS&amp;S, Responsabilitat Social &amp; Sostenibilitat (coneguda com RSC), que opera des d&#8217;inicis de l&#8217;any 2013.<\/span><\/p><div class=\"highlight-content\" style=\"padding: 0px;\"><div class=\"five columns alpha\"><p>La societat est\u00e0 immersa en la denominada \u201cEra de la Sostenibilitat\u201d, emmarcada en diversos acords globals promoguts des de l&#8217;ONU i subscrits l&#8217;any 2015: l&#8217;Agenda 2030, desenvolupada a partir de 17 ODS, Objectius de Desenvolupament Sostenible, i l&#8217;Acord de Par\u00eds, per a la lluita contra el canvi clim\u00e0tic..<\/p><p><img loading=\"lazy\" class=\"alignleft wp-image-3036\" src=\"https:\/\/www.responsablia.com\/wp-content\/uploads\/2013\/11\/inici-cat.png\" alt=\"\" width=\"400\" height=\"400\" srcset=\"https:\/\/www.responsablia.com\/wp-content\/uploads\/2013\/11\/inici-cat.png 500w, https:\/\/www.responsablia.com\/wp-content\/uploads\/2013\/11\/inici-cat-150x150.png 150w, https:\/\/www.responsablia.com\/wp-content\/uploads\/2013\/11\/inici-cat-300x300.png 300w, https:\/\/www.responsablia.com\/wp-content\/uploads\/2013\/11\/inici-cat-42x43.png 42w\" sizes=\"(max-width: 400px) 100vw, 400px\" \/><\/p><\/div><\/div><div class=\"highlight-content\" style=\"padding: 0px;\"><div class=\"five columns alpha\"><p>\u00a0<\/p><p><strong>RESPONSABLIA<\/strong> vol ajudar i acompanyar a les organitzacions a implantar la RSC en la seva estrat\u00e8gia i gesti\u00f3, a partir del desenvolupament d&#8217;una s\u00e8rie de plans i programes d&#8217;actuaci\u00f3, d&#8217;\u00edndole \u00e8tic, social, laboral, ambiental i de respecte als drets humans.<\/p><\/div><\/div><div><div><p>\u00a0<\/p><p>Existeixen nombrosos informes, estudis i iniciatives que demostren els beneficis tangibles i intangibles que suposa incorporar la RSC en les organitzacions. S\u00f3n beneficis que repercuteixen tamb\u00e9 en l&#8217;economia, la societat i el planeta.<\/p><\/div><\/div><div class=\"highlight-content\" style=\"padding: 0px;\"><div class=\"five columns alpha\"><p>\u00a0<\/p><p>Contacti amb nosaltres, estarem encantats d&#8217;ajudar-lo: \u00a0<span style=\"color: #00775f;\"><strong><a style=\"color: #00775f;\" href=\"https:\/\/www.responsablia.com\/ca\/contacte\/\">Sol\u00b7liciti informaci\u00f3<\/a><\/strong><\/span><\/p><hr \/><blockquote style=\"background-color: #eee;\"><p style=\"text-align: center; font-family: times new roman;\"><strong>\u00a0<span style=\"color: #00775f;\">Som el que fem per a millorar el que som<\/span><\/strong><\/p><\/blockquote><p style=\"text-align: center; font-size: 14px;\">(Adaptaci\u00f3 d&#8217;una frase d&#8217;Eduardo Galeano, periodista i escriptor uruguai\u00e0, 3-9-1940)<\/p><\/div><\/div><\/div>\n\t\t\t\t<\/div>\n\t\t\t\t<\/div>\n\t\t\t\t\t<\/div>\n\t\t<\/div>\n\t\t\t\t\t\t\t<\/div>\n\t\t<\/section>\n\t\t\t\t\t\t<\/div>\n\t\t\t\t\t<\/div>\n\t\t","protected":false},"excerpt":{"rendered":"<p>L&#8217;ALEGRIA NO EST\u00c0 EN LES COSES, SIN\u00d3 EN NOSALTRES Richard Wagner, compositor i dramaturg alemany (1813-1883) LA RESPONSABILITAT DE L&#8217;HOME NO ES REFEREIX NOM\u00c9S A SI MATEIX, SIN\u00d3 A TOTA LA HUMANITATJean Paul Sartre, fil\u00f2sof i escriptor franc\u00e8s (1905-1980) BUSCANT EL B\u00c9 DELS NOSTRES SEMBLANTS TROBAREM EL NOSTREEur\u00edpides, poeta grec (480 a. C.-406 a. C.) &hellip;<\/p>\n<p class=\"read-more\"> <a class=\"ast-button\" href=\"https:\/\/www.responsablia.com\/ca\/\"> <span class=\"screen-reader-text\">Inici<\/span> Read More \u00bb<\/a><\/p>\n","protected":false},"author":1,"featured_media":0,"parent":0,"menu_order":0,"comment_status":"closed","ping_status":"closed","template":"","meta":[],"_links":{"self":[{"href":"https:\/\/www.responsablia.com\/ca\/wp-json\/wp\/v2\/pages\/587"}],"collection":[{"href":"https:\/\/www.responsablia.com\/ca\/wp-json\/wp\/v2\/pages"}],"about":[{"href":"https:\/\/www.responsablia.com\/ca\/wp-json\/wp\/v2\/types\/page"}],"author":[{"embeddable":true,"href":"https:\/\/www.responsablia.com\/ca\/wp-json\/wp\/v2\/users\/1"}],"replies":[{"embeddable":true,"href":"https:\/\/www.responsablia.com\/ca\/wp-json\/wp\/v2\/comments?post=587"}],"version-history":[{"count":32,"href":"https:\/\/www.responsablia.com\/ca\/wp-json\/wp\/v2\/pages\/587\/revisions"}],"predecessor-version":[{"id":3371,"href":"https:\/\/www.responsablia.com\/ca\/wp-json\/wp\/v2\/pages\/587\/revisions\/3371"}],"wp:attachment":[{"href":"https:\/\/www.responsablia.com\/ca\/wp-json\/wp\/v2\/media?parent=587"}],"curies":[{"name":"wp","href":"https:\/\/api.w.org\/{rel}","templated":true}]}}