{"id":605,"date":"2015-06-02T13:01:20","date_gmt":"2015-06-02T12:01:20","guid":{"rendered":"https:\/\/www.responsablia.com\/?page_id=605"},"modified":"2020-06-21T12:15:07","modified_gmt":"2020-06-21T11:15:07","slug":"serveis","status":"publish","type":"page","link":"https:\/\/www.responsablia.com\/ca\/serveis\/","title":{"rendered":"Serveis"},"content":{"rendered":"\t\t<div data-elementor-type=\"wp-page\" data-elementor-id=\"605\" class=\"elementor elementor-605\" data-elementor-settings=\"[]\">\n\t\t\t\t\t\t\t<div class=\"elementor-section-wrap\">\n\t\t\t\t\t\t\t<section class=\"elementor-element elementor-element-4ced35f elementor-section-stretched elementor-section-full_width elementor-section-content-top elementor-section-height-default elementor-section-height-default elementor-section elementor-top-section\" data-id=\"4ced35f\" data-element_type=\"section\" data-settings=\"{&quot;stretch_section&quot;:&quot;section-stretched&quot;}\">\n\t\t\t\t\t\t<div class=\"elementor-container elementor-column-gap-no\">\n\t\t\t\t\t<div class=\"elementor-element elementor-element-47c9c3f elementor-column elementor-col-100 elementor-top-column\" data-id=\"47c9c3f\" data-element_type=\"column\">\n\t\t\t<div class=\"elementor-widget-wrap elementor-element-populated\">\n\t\t\t\t\t\t\t\t<div class=\"elementor-element elementor-element-7a613ae elementor--h-position-center elementor--v-position-middle elementor-arrows-position-inside elementor-widget elementor-widget-slides\" data-id=\"7a613ae\" data-element_type=\"widget\" data-settings=\"{&quot;navigation&quot;:&quot;arrows&quot;,&quot;infinite&quot;:&quot;yes&quot;,&quot;transition&quot;:&quot;slide&quot;,&quot;transition_speed&quot;:500}\" data-widget_type=\"slides.default\">\n\t\t\t\t<div class=\"elementor-widget-container\">\n\t\t\t\t\t<div class=\"elementor-swiper\">\n\t\t\t<div class=\"elementor-slides-wrapper elementor-main-swiper swiper-container\" dir=\"ltr\" data-animation=\"fadeInUp\">\n\t\t\t\t<div class=\"swiper-wrapper elementor-slides\">\n\t\t\t\t\t<div class=\"elementor-repeater-item-f766d09 swiper-slide\"><div class=\"swiper-slide-bg elementor-ken-burns elementor-ken-burns--in\"><\/div><div class=\"elementor-background-overlay\"><\/div><div class=\"swiper-slide-inner\" ><div class=\"swiper-slide-contents\"><div class=\"elementor-slide-heading\">ECON\u00d2MIC<\/div><div class=\"elementor-slide-description\"><p>Assessorament i formaci\u00f3 en sostenibilitat i RSE<\/p>\n<img loading=\"lazy\" class=\"wp-image-3438 aligncenter\" src=\"https:\/\/www.responsablia.com\/wp-content\/uploads\/2020\/05\/economico.png\" alt=\"\" width=\"90\" height=\"90\" srcset=\"https:\/\/www.responsablia.com\/wp-content\/uploads\/2020\/05\/economico.png 910w, https:\/\/www.responsablia.com\/wp-content\/uploads\/2020\/05\/economico-300x300.png 300w, https:\/\/www.responsablia.com\/wp-content\/uploads\/2020\/05\/economico-150x150.png 150w, https:\/\/www.responsablia.com\/wp-content\/uploads\/2020\/05\/economico-768x767.png 768w\" sizes=\"(max-width: 90px) 100vw, 90px\" \/>\n<p>Avaluar viabilitat i riscos. Ser sostenibles en el temps<\/p>\n<\/div><\/div><\/div><\/div><div class=\"elementor-repeater-item-11aa511 swiper-slide\"><div class=\"swiper-slide-bg elementor-ken-burns elementor-ken-burns--in\"><\/div><div class=\"swiper-slide-inner\" ><div class=\"swiper-slide-contents\"><div class=\"elementor-slide-heading\">AMBIENTAL<\/div><div class=\"elementor-slide-description\"><p>Assessorament i formaci\u00f3 en sostenibilitat i RSE<\/p>\n<img loading=\"lazy\" class=\"wp-image-3442 aligncenter\" src=\"https:\/\/www.responsablia.com\/wp-content\/uploads\/2020\/05\/ambiental_1.png\" alt=\"\" width=\"90\" height=\"90\" srcset=\"https:\/\/www.responsablia.com\/wp-content\/uploads\/2020\/05\/ambiental_1.png 910w, https:\/\/www.responsablia.com\/wp-content\/uploads\/2020\/05\/ambiental_1-300x300.png 300w, https:\/\/www.responsablia.com\/wp-content\/uploads\/2020\/05\/ambiental_1-150x150.png 150w, https:\/\/www.responsablia.com\/wp-content\/uploads\/2020\/05\/ambiental_1-768x768.png 768w\" sizes=\"(max-width: 90px) 100vw, 90px\" \/>\n<p>Avaluar impacte (Petjada) ambiental\u00a0 REDUIR-RECICLAR-RECUPERAR<\/p>\n\n<\/div><\/div><\/div><\/div><div class=\"elementor-repeater-item-870ebbe swiper-slide\"><div class=\"swiper-slide-bg elementor-ken-burns elementor-ken-burns--in\"><\/div><div class=\"elementor-background-overlay\"><\/div><div class=\"swiper-slide-inner\" ><div class=\"swiper-slide-contents\"><div class=\"elementor-slide-heading\">SOCIAL<\/div><div class=\"elementor-slide-description\"><p>Assessorament i formaci\u00f3 en sostenibilitat i RSE<\/p>\n<img loading=\"lazy\" class=\"aligncenter wp-image-3496\" src=\"https:\/\/www.responsablia.com\/wp-content\/uploads\/2020\/05\/social_1.png\" alt=\"\" width=\"90\" height=\"90\" srcset=\"https:\/\/www.responsablia.com\/wp-content\/uploads\/2020\/05\/social_1.png 910w, https:\/\/www.responsablia.com\/wp-content\/uploads\/2020\/05\/social_1-300x300.png 300w, https:\/\/www.responsablia.com\/wp-content\/uploads\/2020\/05\/social_1-150x150.png 150w, https:\/\/www.responsablia.com\/wp-content\/uploads\/2020\/05\/social_1-768x768.png 768w\" sizes=\"(max-width: 90px) 100vw, 90px\" \/>\n<p>Avaluar interacci\u00f3 amb els actors socials. Acci\u00f3 social i m\u00e0rqueting solidari<\/p>\n\n<\/div><\/div><\/div><\/div><div class=\"elementor-repeater-item-9e0e4ef swiper-slide\"><div class=\"swiper-slide-bg elementor-ken-burns elementor-ken-burns--in\"><\/div><div class=\"elementor-background-overlay\"><\/div><div class=\"swiper-slide-inner\" ><div class=\"swiper-slide-contents\"><div class=\"elementor-slide-heading\">CONFIAN\u00c7A i CREDIBILITAT<\/div><div class=\"elementor-slide-description\"><p>Assessorament i formaci\u00f3 en sostenibilitat i RSE<\/p>\n<img loading=\"lazy\" class=\"wp-image-3436 aligncenter\" src=\"https:\/\/www.responsablia.com\/wp-content\/uploads\/2020\/05\/confianza.png\" alt=\"\" width=\"90\" height=\"90\" srcset=\"https:\/\/www.responsablia.com\/wp-content\/uploads\/2020\/05\/confianza.png 910w, https:\/\/www.responsablia.com\/wp-content\/uploads\/2020\/05\/confianza-300x300.png 300w, https:\/\/www.responsablia.com\/wp-content\/uploads\/2020\/05\/confianza-150x150.png 150w, https:\/\/www.responsablia.com\/wp-content\/uploads\/2020\/05\/confianza-768x768.png 768w\" sizes=\"(max-width: 90px) 100vw, 90px\" \/>\n<p>Generar Confian\u00e7a i Credibilitat<\/p><\/div><\/div><\/div><\/div>\t\t\t\t<\/div>\n\t\t\t\t\t\t\t\t\t\t\t\t\t\t\t\t\t\t\t\t<div class=\"elementor-swiper-button elementor-swiper-button-prev\">\n\t\t\t\t\t\t\t<i class=\"eicon-chevron-left\" aria-hidden=\"true\"><\/i>\n\t\t\t\t\t\t\t<span class=\"elementor-screen-only\">Previous<\/span>\n\t\t\t\t\t\t<\/div>\n\t\t\t\t\t\t<div class=\"elementor-swiper-button elementor-swiper-button-next\">\n\t\t\t\t\t\t\t<i class=\"eicon-chevron-right\" aria-hidden=\"true\"><\/i>\n\t\t\t\t\t\t\t<span class=\"elementor-screen-only\">Next<\/span>\n\t\t\t\t\t\t<\/div>\n\t\t\t\t\t\t\t\t\t\t\t\t<\/div>\n\t\t<\/div>\n\t\t\t\t<\/div>\n\t\t\t\t<\/div>\n\t\t\t\t\t<\/div>\n\t\t<\/div>\n\t\t\t\t\t\t\t<\/div>\n\t\t<\/section>\n\t\t\t\t<section class=\"elementor-element elementor-element-519ad4e elementor-section-boxed elementor-section-height-default elementor-section-height-default elementor-section elementor-top-section\" data-id=\"519ad4e\" data-element_type=\"section\">\n\t\t\t\t\t\t<div class=\"elementor-container elementor-column-gap-default\">\n\t\t\t\t\t<div class=\"elementor-element elementor-element-4ff1fe9 elementor-column elementor-col-100 elementor-top-column\" data-id=\"4ff1fe9\" data-element_type=\"column\">\n\t\t\t<div class=\"elementor-widget-wrap elementor-element-populated\">\n\t\t\t\t\t\t\t\t<div class=\"elementor-element elementor-element-5828a5b elementor-widget elementor-widget-spacer\" data-id=\"5828a5b\" data-element_type=\"widget\" data-widget_type=\"spacer.default\">\n\t\t\t\t<div class=\"elementor-widget-container\">\n\t\t\t\t\t<div class=\"elementor-spacer\">\n\t\t\t<div class=\"elementor-spacer-inner\"><\/div>\n\t\t<\/div>\n\t\t\t\t<\/div>\n\t\t\t\t<\/div>\n\t\t\t\t\t<\/div>\n\t\t<\/div>\n\t\t\t\t\t\t\t<\/div>\n\t\t<\/section>\n\t\t\t\t<section class=\"elementor-element elementor-element-5031771 elementor-section-stretched elementor-section-boxed elementor-section-height-default elementor-section-height-default elementor-section elementor-top-section\" data-id=\"5031771\" data-element_type=\"section\" data-settings=\"{&quot;stretch_section&quot;:&quot;section-stretched&quot;}\">\n\t\t\t\t\t\t<div class=\"elementor-container elementor-column-gap-default\">\n\t\t\t\t\t<div class=\"elementor-element elementor-element-d274413 elementor-column elementor-col-100 elementor-top-column\" data-id=\"d274413\" data-element_type=\"column\">\n\t\t\t<div class=\"elementor-widget-wrap elementor-element-populated\">\n\t\t\t\t\t\t\t\t<div class=\"elementor-element elementor-element-cdc00c9 elementor-tabs-view-horizontal elementor-widget elementor-widget-tabs\" data-id=\"cdc00c9\" data-element_type=\"widget\" data-widget_type=\"tabs.default\">\n\t\t\t\t<div class=\"elementor-widget-container\">\n\t\t\t\t\t<div class=\"elementor-tabs\" role=\"tablist\">\n\t\t\t<div class=\"elementor-tabs-wrapper\">\n\t\t\t\t\t\t\t\t\t<div id=\"elementor-tab-title-2151\" class=\"elementor-tab-title elementor-tab-desktop-title\" data-tab=\"1\" role=\"tab\" aria-controls=\"elementor-tab-content-2151\"><a href=\"\">RSE Interna<\/a><\/div>\n\t\t\t\t\t\t\t\t\t<div id=\"elementor-tab-title-2152\" class=\"elementor-tab-title elementor-tab-desktop-title\" data-tab=\"2\" role=\"tab\" aria-controls=\"elementor-tab-content-2152\"><a href=\"\">RSE Externa<\/a><\/div>\n\t\t\t\t\t\t\t\t\t<div id=\"elementor-tab-title-2153\" class=\"elementor-tab-title elementor-tab-desktop-title\" data-tab=\"3\" role=\"tab\" aria-controls=\"elementor-tab-content-2153\"><a href=\"\">Informaci\u00f3 no financera<\/a><\/div>\n\t\t\t\t\t\t\t\t\t<div id=\"elementor-tab-title-2154\" class=\"elementor-tab-title elementor-tab-desktop-title\" data-tab=\"4\" role=\"tab\" aria-controls=\"elementor-tab-content-2154\"><a href=\"\">Gesti\u00f3 de riscos<\/a><\/div>\n\t\t\t\t\t\t\t\t\t<div id=\"elementor-tab-title-2155\" class=\"elementor-tab-title elementor-tab-desktop-title\" data-tab=\"5\" role=\"tab\" aria-controls=\"elementor-tab-content-2155\"><a href=\"\">Impacte ambiental<\/a><\/div>\n\t\t\t\t\t\t\t\t\t<div id=\"elementor-tab-title-2156\" class=\"elementor-tab-title elementor-tab-desktop-title\" data-tab=\"6\" role=\"tab\" aria-controls=\"elementor-tab-content-2156\"><a href=\"\">Impacte social<\/a><\/div>\n\t\t\t\t\t\t\t\t\t<div id=\"elementor-tab-title-2157\" class=\"elementor-tab-title elementor-tab-desktop-title\" data-tab=\"7\" role=\"tab\" aria-controls=\"elementor-tab-content-2157\"><a href=\"\">Innovaci\u00f3<\/a><\/div>\n\t\t\t\t\t\t\t\t\t<div id=\"elementor-tab-title-2158\" class=\"elementor-tab-title elementor-tab-desktop-title\" data-tab=\"8\" role=\"tab\" aria-controls=\"elementor-tab-content-2158\"><a href=\"\">Formaci\u00f3<\/a><\/div>\n\t\t\t\t\t\t\t<\/div>\n\t\t\t<div class=\"elementor-tabs-content-wrapper\">\n\t\t\t\t\t\t\t\t\t<div class=\"elementor-tab-title elementor-tab-mobile-title\" data-tab=\"1\" role=\"tab\">RSE Interna<\/div>\n\t\t\t\t\t<div id=\"elementor-tab-content-2151\" class=\"elementor-tab-content elementor-clearfix\" data-tab=\"1\" role=\"tabpanel\" aria-labelledby=\"elementor-tab-title-2151\">Generar una cultura d&#8217;empresa definida a partir dels valors que emanen de la sostenibilitat i la responsabilitat social.<br \/><br \/>\n\n<strong>Aspectes de gesti\u00f3:<\/strong> Plans d&#8217;igualtat i de conciliaci\u00f3 \u2013 Pla de mobilitat sostenible \u2013 Empresa saludable \u2013 \u2018Wellness\u2019 \u2013 etc\u2026<br \/><br \/>\n<div style=\"width: 100%; height: auto; background: url('https:\/\/www.responsablia.com\/wp-content\/uploads\/2020\/05\/links-interna-1.png') center center no-repeat; background-size: contain; vertical-align: middle;\">\n<div style=\"height: 200px; text-align: center;\"><\/div>\n<table class=\"aligncenter\" style=\"width: 260px; border: 1px solid #000; border-collapse: collapse; text-align: center; background-color: #dfff80;font-size:15px;\">\n<tbody>\n<tr>\n<td style=\"width: 150px; border: 1px solid #000; height: 100px; text-align: center; vertical-align: middle;\">Plans d&#8217;igualtat i de conciliaci\u00f3<\/td>\n<td style=\"width: 150px; border: 1px solid #000; height: 100; px;text-align: center; vertical-align: middle;\">Pla de movilitat sostenible<\/td>\n<\/tr>\n<tr>\n<td style=\"width: 150px; border: 1px solid #000; height: 100px; text-align: center; vertical-align: middle;\">Empresa saludable<\/td>\n<td style=\"width: 150px; border: 1px solid #000; height: 100px; text-align: center; vertical-align: middle;\">Wellness<\/td>\n<\/tr>\n<\/tbody>\n<\/table>\n<div style=\"height: 200px; text-align: center;\"><\/div>\n<\/div><\/div>\n\t\t\t\t\t\t\t\t\t<div class=\"elementor-tab-title elementor-tab-mobile-title\" data-tab=\"2\" role=\"tab\">RSE Externa<\/div>\n\t\t\t\t\t<div id=\"elementor-tab-content-2152\" class=\"elementor-tab-content elementor-clearfix\" data-tab=\"2\" role=\"tabpanel\" aria-labelledby=\"elementor-tab-title-2152\">Generar una reputaci\u00f3 corporativa responsable i una imatge de marca sostenible.<br \/><br \/>\n\n<strong>Aspectes de gesti\u00f3:<\/strong> Gesti\u00f3 dels grups d&#8217;inter\u00e8s \u2013 Llic\u00e8ncia social \u2013 Intangibles \u2013 Comunicaci\u00f3 responsable \u2013 etc..<br \/><br \/>\n<div style=\"width: 100%; height: auto; background: url('https:\/\/www.responsablia.com\/wp-content\/uploads\/2020\/05\/links-externa.png') center center no-repeat; background-size: contain; vertical-align: middle;\"><center>\u00a0<\/center>\n<div style=\"height: 200px; text-align: center;\"><\/div>\n<table class=\"aligncenter\" style=\"width: 260px; border: 1px solid #000; border-collapse: collapse; text-align: center; background-color: #dfff80; font-size:15px;\">\n<tbody>\n<tr>\n<td style=\"width: 150px; border: 1px solid #000; height: 100px; text-align: center; vertical-align: middle;\">Gesti\u00f3 dels grups d&#8217;inter\u00e8s<\/td>\n<td style=\"width: 150px; border: 1px solid #000; height: 100px; text-align: center; vertical-align: middle;\">Llic\u00e8ncia social<\/td>\n<\/tr>\n<tr>\n<td style=\"width: 150px; border: 1px solid #000; height: 100px; text-align: center; vertical-align: middle;\">Intangibles<\/td>\n<td style=\"width: 150px; border: 1px solid #000; height: 100px; text-align: center; vertical-align: middle;\">Comunicaci\u00f3 responsable<\/td>\n<\/tr>\n<\/tbody>\n<\/table>\n<div style=\"height: 180px;\"><\/div>\n<\/div><\/div>\n\t\t\t\t\t\t\t\t\t<div class=\"elementor-tab-title elementor-tab-mobile-title\" data-tab=\"3\" role=\"tab\">Informaci\u00f3 no financera<\/div>\n\t\t\t\t\t<div id=\"elementor-tab-content-2153\" class=\"elementor-tab-content elementor-clearfix\" data-tab=\"3\" role=\"tabpanel\" aria-labelledby=\"elementor-tab-title-2153\">Rendici\u00f3 de comptes del triple impacte econ\u00f2mic, social i ambiental.<br \/><br \/>\n\n<strong>Aspectes de gesti\u00f3:<\/strong> Mem\u00f2ria de sostenibilitat (segons Llei 11\/1028) \u2013 ISO 26000 \u2013 Pacte Mundial de l&#8217;ONU \u2013 Segells i certificacions \u2013 etc\u2026<br \/><br \/>\n<table class=\" aligncenter\" style=\"width: 260px; border: 1px solid #000; border-collapse: collapse; text-align: center; background-color: #dfff80; font-size:15px;\">\n<tbody>\n<tr>\n<td style=\"width: 150px; border: 1px solid #000; height: 100px; text-align: center; vertical-align: middle;\">Mem\u00f2ria de sostenibilitat (segons Llei 11\/1028)<\/td>\n<td style=\"width: 150px; border: 1px solid #000; height: 100px; text-align: center; vertical-align: middle;\">ISO 26000<\/td>\n<\/tr>\n<tr>\n<td style=\"width: 150px; border: 1px solid #000; height: 100px; text-align: center; vertical-align: middle;\">Pacte Mundial de l&#8217; ONU<\/td>\n<td style=\"width: 150px; border: 1px solid #000; height: 100px; text-align: center; vertical-align: middle;\">Segells i certificacions<\/td>\n<\/tr>\n<\/tbody>\n<\/table>\n<div style=\"width: 100%; height: 700px; background: url('https:\/\/www.responsablia.com\/wp-content\/uploads\/2020\/05\/intersecciones.png') center center \/ contain no-repeat; vertical-align: middle; text-align: center;\"><\/div><\/div>\n\t\t\t\t\t\t\t\t\t<div class=\"elementor-tab-title elementor-tab-mobile-title\" data-tab=\"4\" role=\"tab\">Gesti\u00f3 de riscos<\/div>\n\t\t\t\t\t<div id=\"elementor-tab-content-2154\" class=\"elementor-tab-content elementor-clearfix\" data-tab=\"4\" role=\"tabpanel\" aria-labelledby=\"elementor-tab-title-2154\">Incorporar les preocupacions d&#8217;\u00edndole social, laboral, \u00e8tic, ambiental i de respecte als drets humans.<br \/><br \/>\n\n<strong>Aspectes de gesti\u00f3:<\/strong> Codi \u00e8tic\/de conducta &#8211; \u2018Compliance\u2019 (inclou Bon Govern Corporatiu) \u2013 Protecci\u00f3 de dades \u2013 Segures (Multirisc, D &amp; O, ciberseguros, etc.) \u2013 Protecci\u00f3 a denunciants \u2013 etc\u2026<br \/><br \/>\n<div style=\"width: 100%; height: auto; background: url('https:\/\/www.responsablia.com\/wp-content\/uploads\/2020\/05\/iceberg.png') center center no-repeat; background-size: contain; vertical-align: middle;\">\n<div style=\"height: 150px; text-align: center;\"><\/div><br \/><br \/><br \/>\n<table class=\" aligncenter\" style=\"width: 260px; border: 1px solid #000; border-collapse: collapse; text-align: center; background-color: #dfff80; font-size:15px;\">\n<tbody>\n<tr>\n<td style=\"width: 150px; border: 1px solid #000; height: 100px; text-align: center; vertical-align: middle;\">Codi \u00e8tic\/de conducta<\/td>\n<td style=\"width: 150px; border: 1px solid #000; height: 100px; text-align: center; vertical-align: middle;\">Compliance (inclou Bon Govern Corporatiu)<\/td>\n<\/tr>\n<tr>\n<td style=\"width: 150px; border: 1px solid #000; height: 100px; text-align: center; vertical-align: middle;\">Pacte Protecci\u00f3 de dades<\/td>\n<td style=\"width: 150px; border: 1px solid #000; height: 100px; text-align: center; vertical-align: middle;\">Assegurances<\/td>\n<\/tr>\n<\/tbody>\n<\/table>\n<div style=\"height: 120px; text-align: center;\"><\/div>\n<\/div><\/div>\n\t\t\t\t\t\t\t\t\t<div class=\"elementor-tab-title elementor-tab-mobile-title\" data-tab=\"5\" role=\"tab\">Impacte ambiental<\/div>\n\t\t\t\t\t<div id=\"elementor-tab-content-2155\" class=\"elementor-tab-content elementor-clearfix\" data-tab=\"5\" role=\"tabpanel\" aria-labelledby=\"elementor-tab-title-2155\">Gesti\u00f3 de procediments, processos, cadena de valor, cicle de vida de producte i resta d&#8217;elements per a la seva valoraci\u00f3.<br \/><br \/>\n\n<strong>Aspectes de gesti\u00f3:<\/strong> Petjada ambiental (gesti\u00f3 d&#8217;emissions) \u2013 Gesti\u00f3 de residus \u2013 Gesti\u00f3 de productes \u2013 Gesti\u00f3 de recursos \u2013 etc\u2026<br \/><br \/>\n<div style=\"width: 100%; height: auto; background: url('https:\/\/www.responsablia.com\/wp-content\/uploads\/2020\/05\/linksambiental.png') center center no-repeat; background-size: contain; vertical-align: middle;\">\n\n&nbsp;\n<div style=\"height: 200px;\"><\/div>\n<table style=\"width: 260px;margin:auto; border: 1px solid #000; border-collapse: collapse; text-align: center; background-color: #dfff80; font-size:15px;\">\n<tbody>\n<tr>\n<td style=\"width: 150px; border: 1px solid #000; height: 100px; text-align: center; vertical-align: middle;\">Petjada ambiental (gesti\u00f3 d&#8217;emissions)<\/td>\n<td style=\"width: 150px; border: 1px solid #000; height: 100px; text-align: center; vertical-align: middle;\">Gesti\u00f3 de residus<\/td>\n<\/tr>\n<tr>\n<td style=\"width: 150px; border: 1px solid #000; height: 100px; text-align: center; vertical-align: middle;\">Gesti\u00f3 de productes<\/td>\n<td style=\"width: 150px; border: 1px solid #000; height: 100px; text-align: center; vertical-align: middle;\">Gesti\u00f3 de recursos<\/td>\n<\/tr>\n<\/tbody>\n<\/table>\n<div style=\"height: 180px;\"><\/div>\n&nbsp;\n\n<\/div><\/div>\n\t\t\t\t\t\t\t\t\t<div class=\"elementor-tab-title elementor-tab-mobile-title\" data-tab=\"6\" role=\"tab\">Impacte social<\/div>\n\t\t\t\t\t<div id=\"elementor-tab-content-2156\" class=\"elementor-tab-content elementor-clearfix\" data-tab=\"6\" role=\"tabpanel\" aria-labelledby=\"elementor-tab-title-2156\">Gesti\u00f3 de les preocupacions, necessitats i expectatives que provoca l&#8217;activitat de l&#8217;organitzaci\u00f3 en la comunitat on opera.<br \/><br \/>\n\n<strong>Aspectes de gesti\u00f3:<\/strong> Pla d&#8217;acci\u00f3 social \u2013 Pla de Voluntariat \u2013 Mesurament del valor social generat \u2013 M\u00e0rqueting amb causa \u2013 etc\u2026<br \/><br \/>\n<div style=\"width: 100%; height: auto; background: url('https:\/\/www.responsablia.com\/wp-content\/uploads\/2020\/05\/social-1.png') center center no-repeat; background-size: contain; vertical-align: middle;\">\n\n&nbsp;\n<div style=\"height: 200px;\"><\/div>\n<table style=\"width:260px;margin:auto; border: 1px solid #000; border-collapse: collapse; text-align: center; background-color: #dfff80; font-size:15px;\">\n<tbody>\n<tr>\n<td style=\"width: 150px; border: 1px solid #000; height: 100px; text-align: center; vertical-align: middle;\">Pla d&#8217;acci\u00f3 social<\/td>\n<td style=\"width: 150px; border: 1px solid #000; height: 100px; text-align: center; vertical-align: middle;\">Pla de Voluntariat<\/td>\n<\/tr>\n<tr>\n<td style=\"width: 150px; border: 1px solid #000; height: 100px; text-align: center; vertical-align: middle;\">Mesurament del valor social generat<\/td>\n<td style=\"width: 150px; border: 1px solid #000; height: 100px; text-align: center; vertical-align: middle;\">M\u00e0rqueting amb causa<\/td>\n<\/tr>\n<\/tbody>\n<\/table>\n<div style=\"height: 180px;\"><\/div>\n&nbsp;\n\n<\/div><\/div>\n\t\t\t\t\t\t\t\t\t<div class=\"elementor-tab-title elementor-tab-mobile-title\" data-tab=\"7\" role=\"tab\">Innovaci\u00f3<\/div>\n\t\t\t\t\t<div id=\"elementor-tab-content-2157\" class=\"elementor-tab-content elementor-clearfix\" data-tab=\"7\" role=\"tabpanel\" aria-labelledby=\"elementor-tab-title-2157\">Incorporar la sostenibilitat i la responsabilitat social en la creativitat i millora dels productes i serveis oferts.<br \/><br \/>\n\n<strong>Aspectes de gesti\u00f3:<\/strong> I+D+i+R &#8211; Gesti\u00f3 del canvi \u2013 Esdeveniments sostenibles \u2013 Gesti\u00f3 emocional \u2013 etc\u2026<br \/><br \/>\n<div style=\"width: 100%; height: auto; background: url('https:\/\/www.responsablia.com\/wp-content\/uploads\/2020\/05\/linksemocional.png') center center no-repeat; background-size: contain; vertical-align: middle;\">\n<div style=\"height: 200px; text-align: center;\"><\/div>\n<table class=\" aligncenter\" style=\"width: 260px; border: 1px solid #000; border-collapse: collapse; text-align: center; background-color: #dfff80; opacity: 0.7;font-size:15px\">\n<tbody>\n<tr>\n<td style=\"width: 150px; border: 1px solid #000; height: 100px; text-align: center; vertical-align: middle;\">I+D+i+R<\/td>\n<td style=\"width: 150px; border: 1px solid #000; height: 100px; text-align: center; vertical-align: middle;\">Gesti\u00f3 del canvi<\/td>\n<\/tr>\n<tr>\n<td style=\"width: 150px; border: 1px solid #000; height: 100px; text-align: center; vertical-align: middle;\">Esdeveniments sostenibles<\/td>\n<td style=\"width: 150px; border: 1px solid #000; height: 100px; text-align: center; vertical-align: middle;\">Gesti\u00f3 emocional<\/td>\n<\/tr>\n<\/tbody>\n<\/table>\n<div style=\"height: 180px; text-align: center;\"><\/div>\n<\/div><\/div>\n\t\t\t\t\t\t\t\t\t<div class=\"elementor-tab-title elementor-tab-mobile-title\" data-tab=\"8\" role=\"tab\">Formaci\u00f3<\/div>\n\t\t\t\t\t<div id=\"elementor-tab-content-2158\" class=\"elementor-tab-content elementor-clearfix\" data-tab=\"8\" role=\"tabpanel\" aria-labelledby=\"elementor-tab-title-2158\">Fomentar el desenvolupament de compet\u00e8ncies i habilitats en sostenibilitat i responsabilitat social.<br \/><br \/>\n\n<strong>Aspectes de gesti\u00f3:<\/strong> Curs d&#8217;especialitzaci\u00f3 en RSC \u2013CURSOS\u00a0 \u00c0REA SOSTENIBILITAT I RSE -Sensibilitzaci\u00f3 H\u00e0bits saludables &#8211;\u00a0 Sensibilitzaci\u00f3 Cultura i Valors &#8211; etc\u2026<br \/><br \/>\n<div style=\"width: 100%; height: auto; background: url('https:\/\/www.responsablia.com\/wp-content\/uploads\/2020\/05\/linksformando.png') center center no-repeat; background-size: contain; vertical-align: middle;\">\n\n&nbsp;\n<div style=\"height: 200px;\"><\/div>\n<table style=\"width: 260px;margin:auto; border: 1px solid #000; border-collapse: collapse; text-align: center; background-color: #dfff80; font-size:15px\">\n<tbody>\n<tr>\n<td style=\"width: 150px; border: 1px solid #000; height: 100px; text-align: center; vertical-align: middle;\">Curs d&#8217;especialitzaci\u00f3 en RSC<\/td>\n<td style=\"width: 150px; border: 1px solid #000; height: 100px; text-align: center; vertical-align: middle;\">Cusros \u00c0rea Sostenibilitat i RSE<\/td>\n<\/tr>\n<tr>\n<td style=\"width: 150px; border: 1px solid #000; height: 100px; text-align: center; vertical-align: middle;\">Sensibilitzaci\u00f3 H\u00e0bits saludables<\/td>\n<td style=\"width: 150px; border: 1px solid #000; height: 100px; text-align: center; vertical-align: middle;\">Sensibilitzaci\u00f3 Cultura i Valors<\/td>\n<\/tr>\n<\/tbody>\n<\/table>\n<div style=\"height: 180px;\"><\/div>\n&nbsp;\n\n<\/div><\/div>\n\t\t\t\t\t\t\t<\/div>\n\t\t<\/div>\n\t\t\t\t<\/div>\n\t\t\t\t<\/div>\n\t\t\t\t\t<\/div>\n\t\t<\/div>\n\t\t\t\t\t\t\t<\/div>\n\t\t<\/section>\n\t\t\t\t\t\t<\/div>\n\t\t\t\t\t<\/div>\n\t\t","protected":false},"excerpt":{"rendered":"<p>ECON\u00d2MIC Assessorament i formaci\u00f3 en sostenibilitat i RSE Avaluar viabilitat i riscos. Ser sostenibles en el temps AMBIENTAL Assessorament i formaci\u00f3 en sostenibilitat i RSE Avaluar impacte (Petjada) ambiental\u00a0 REDUIR-RECICLAR-RECUPERAR SOCIAL Assessorament i formaci\u00f3 en sostenibilitat i RSE Avaluar interacci\u00f3 amb els actors socials. Acci\u00f3 social i m\u00e0rqueting solidari CONFIAN\u00c7A i CREDIBILITAT Assessorament i formaci\u00f3 &hellip;<\/p>\n<p class=\"read-more\"> <a class=\"ast-button\" href=\"https:\/\/www.responsablia.com\/ca\/serveis\/\"> <span class=\"screen-reader-text\">Serveis<\/span> Read More \u00bb<\/a><\/p>\n","protected":false},"author":1,"featured_media":0,"parent":0,"menu_order":0,"comment_status":"closed","ping_status":"closed","template":"","meta":[],"_links":{"self":[{"href":"https:\/\/www.responsablia.com\/ca\/wp-json\/wp\/v2\/pages\/605"}],"collection":[{"href":"https:\/\/www.responsablia.com\/ca\/wp-json\/wp\/v2\/pages"}],"about":[{"href":"https:\/\/www.responsablia.com\/ca\/wp-json\/wp\/v2\/types\/page"}],"author":[{"embeddable":true,"href":"https:\/\/www.responsablia.com\/ca\/wp-json\/wp\/v2\/users\/1"}],"replies":[{"embeddable":true,"href":"https:\/\/www.responsablia.com\/ca\/wp-json\/wp\/v2\/comments?post=605"}],"version-history":[{"count":35,"href":"https:\/\/www.responsablia.com\/ca\/wp-json\/wp\/v2\/pages\/605\/revisions"}],"predecessor-version":[{"id":3746,"href":"https:\/\/www.responsablia.com\/ca\/wp-json\/wp\/v2\/pages\/605\/revisions\/3746"}],"wp:attachment":[{"href":"https:\/\/www.responsablia.com\/ca\/wp-json\/wp\/v2\/media?parent=605"}],"curies":[{"name":"wp","href":"https:\/\/api.w.org\/{rel}","templated":true}]}}