{"id":657,"date":"2015-06-03T12:14:29","date_gmt":"2015-06-03T11:14:29","guid":{"rendered":"https:\/\/www.responsablia.com\/?page_id=657"},"modified":"2020-05-10T09:36:36","modified_gmt":"2020-05-10T08:36:36","slug":"politica-de-cookies","status":"publish","type":"page","link":"https:\/\/www.responsablia.com\/ca\/politica-de-cookies\/","title":{"rendered":"Pol\u00edtica de cookies"},"content":{"rendered":"<p>Des de &#8220;Responsablia SL&#8221;, volem comunicar-li que la nostra p\u00e0gina web utilitza cookies que permeten el funcionament de la mateixa, com el registre de clients, panel de control, preparaci\u00f3 de comandes, etc., i tamb\u00e9 per a mesurar i analitzar la navegaci\u00f3 dels nostres usuaris.<\/p>\n<p>Les cookies s\u00f3n uns arxius que estan instal\u00b7lats a l&#8217;ordinador des del qual accedeixes a la nostra p\u00e0gina web amb les finalitats descrites en aquesta p\u00e0gina.<\/p>\n<p>Les aplicacions que fem servir per obtenir informaci\u00f3 de la navegaci\u00f3, mesurar i analitzar l&#8217;audi\u00e8ncia s\u00f3n:<\/p>\n<p>\u2219 Google Analytics: <a href=\"https:\/\/www.microsofttranslator.com\/bv.aspx?from=es&amp;to=ca&amp;a=http%3A%2F%2Fwww.google.com%2Fanalytics\">https:\/\/www.Google.com\/Analytics <\/a><\/p>\n<p>Aquesta aplicaci\u00f3 ha estat desenvolupada per Google que ens proporciona el servei de medici\u00f3 i an\u00e0lisi de l&#8217;audi\u00e8ncia de les nostres p\u00e0gines. Aix\u00ed mateix, ella tamb\u00e9 pot utilitzar aquestes dades per millorar els seus propis serveis i oferir serveis a altres empreses. Pots con\u00e8ixer aquets altres usos des dels enlla\u00e7os indicats.<\/p>\n<p>Aquesta eina no obt\u00e9 dades sobre el seu nom o cognom o l\u2019adre\u00e7a postal d&#8217;on et connectes La informaci\u00f3 obtinguda est\u00e0 relacionada amb el nombre de p\u00e0gines visitades, l\u2019idioma, xarxa social on es publiquen les nostres not\u00edcies, la ciutat a la que s&#8217;assigna l&#8217;adre\u00e7a IP des d&#8217;on accedeixes, el nombre de nous usuaris, la freq\u00fc\u00e8ncia i la repetici\u00f3 de visites, el temps de visita, el navegador i el operador o tipus de terminal des de la qual est\u00e0 feta la visita.<\/p>\n<p>Utilitzem aquesta informaci\u00f3 per millorar les \u00a0nostres p\u00e0gines, detectar noves necessitats i avaluar les millores a introduir amb la finalitat de proporcionar el millor servei als usuaris que ens visiten adaptant-les per exemple als navegadors o terminals m\u00e9s utilitzats.<\/p>\n<p>Per a permetre, saber, bloquejar o eliminar les cookies instal.lades en el teu equip, pots fer-ho mitjan\u00e7ant la configuraci\u00f3 de les opcions del navegador instal.lat en el teu ordinador.<\/p>\n<p>Per exemple, pots trobar informaci\u00f3 sobre com fer-ho en el cas que utilitzis com a navegador:<\/p>\n<p>\u2219 Firefox des <a href=\"https:\/\/www.microsofttranslator.com\/bv.aspx?from=es&amp;to=ca&amp;a=http%3A%2F%2Fmzl.la%2FLJ07s2\">https:\/\/MZL.la\/LJ07s2 <\/a><\/p>\n<p>\u2219 Chrome des <a href=\"https:\/\/www.microsofttranslator.com\/bv.aspx?from=es&amp;to=ca&amp;a=http%3A%2F%2Fsupport.google.com%2Fchrome%2Fbin%2Fanswer.py%3Fhl%3Des%26answer%3D95647\">https:\/\/support.google.com\/chrome\/bin\/answer.py?hl=es &amp; resposta = 95647 <\/a><\/p>\n<p>\u2219 Explorador de <a href=\"https:\/\/www.microsofttranslator.com\/bv.aspx?from=es&amp;to=ca&amp;a=http%3A%2F%2Fwindows.microsoft.com%2Fes-es%2Fwindows7%2Fhow-to-manage-cookies-in-internet-explorer-9\">https:\/\/Windows.Microsoft.com\/es-es\/Windows7\/how-to-manage-cookies-in-Internet-Explorer-9 <\/a><\/p>\n<p>\u2219 Safari de <a href=\"https:\/\/www.microsofttranslator.com\/bv.aspx?from=es&amp;to=ca&amp;a=http%3A%2F%2Fsupport.apple.com%2Fkb%2Fph5042\">https:\/\/support.Apple.com\/KB\/ph5042 <\/a><\/p>\n<p>&nbsp;<\/p>\n","protected":false},"excerpt":{"rendered":"<p>Des de &#8220;Responsablia SL&#8221;, volem comunicar-li que la nostra p\u00e0gina web utilitza cookies que permeten el funcionament de la mateixa, com el registre de clients, panel de control, preparaci\u00f3 de comandes, etc., i tamb\u00e9 per a mesurar i analitzar la navegaci\u00f3 dels nostres usuaris. Les cookies s\u00f3n uns arxius que estan instal\u00b7lats a l&#8217;ordinador des &hellip;<\/p>\n<p class=\"read-more\"> <a class=\"ast-button\" href=\"https:\/\/www.responsablia.com\/ca\/politica-de-cookies\/\"> <span class=\"screen-reader-text\">Pol\u00edtica de cookies<\/span> Read More \u00bb<\/a><\/p>\n","protected":false},"author":1,"featured_media":0,"parent":0,"menu_order":0,"comment_status":"closed","ping_status":"closed","template":"","meta":[],"_links":{"self":[{"href":"https:\/\/www.responsablia.com\/ca\/wp-json\/wp\/v2\/pages\/657"}],"collection":[{"href":"https:\/\/www.responsablia.com\/ca\/wp-json\/wp\/v2\/pages"}],"about":[{"href":"https:\/\/www.responsablia.com\/ca\/wp-json\/wp\/v2\/types\/page"}],"author":[{"embeddable":true,"href":"https:\/\/www.responsablia.com\/ca\/wp-json\/wp\/v2\/users\/1"}],"replies":[{"embeddable":true,"href":"https:\/\/www.responsablia.com\/ca\/wp-json\/wp\/v2\/comments?post=657"}],"version-history":[{"count":1,"href":"https:\/\/www.responsablia.com\/ca\/wp-json\/wp\/v2\/pages\/657\/revisions"}],"predecessor-version":[{"id":658,"href":"https:\/\/www.responsablia.com\/ca\/wp-json\/wp\/v2\/pages\/657\/revisions\/658"}],"wp:attachment":[{"href":"https:\/\/www.responsablia.com\/ca\/wp-json\/wp\/v2\/media?parent=657"}],"curies":[{"name":"wp","href":"https:\/\/api.w.org\/{rel}","templated":true}]}}