{"id":659,"date":"2015-06-03T12:21:02","date_gmt":"2015-06-03T11:21:02","guid":{"rendered":"https:\/\/www.responsablia.com\/?page_id=659"},"modified":"2020-05-10T09:36:36","modified_gmt":"2020-05-10T08:36:36","slug":"avis-legal","status":"publish","type":"page","link":"https:\/\/www.responsablia.com\/ca\/avis-legal\/","title":{"rendered":"Av\u00eds legal"},"content":{"rendered":"<p><b>DADES IDENTIFICATIVES<\/b><\/p>\n<p>En compliment amb el deure de informaci\u00f3 recollit en l\u2019article 10 de la Llei 34\/2002, de 11 de juliol, de Serveis de la Societat de la Informaci\u00f3 i del Comer\u00e7 Electr\u00f2nic, a continuaci\u00f3 es faciliten les seg\u00fcents dades:<\/p>\n<p>L\u2019empresa titular d\u2019aquesta Web \u00e9s \u201cRESPONSABLIA, S.L.\u201d, amb domicili a Rambla Badal 104, Esc. B, 8\u00ba-3\u00aa, 08014 de Barcelona, amb n\u00famero de CIF: B65935991, inscrita en el Registre Mercantil de Barcelona al Volum 43620, Foli 82, Fulla B 433816, Inscripci\u00f3 1\u00aa. Correu electr\u00f2nic de contacte info@responsablia.com.<\/p>\n<p>La informaci\u00f3 continguda en www.responsablia.com, constitueix un servei d\u2019informaci\u00f3 dels diversos serveis que ofereix \u201cRESPONSABLIA, S.L.\u201d (des d\u2019ara \u201cRESPONSABLIA\u201d) dins l\u2019\u00e0mbit de la consultoria de gesti\u00f3 empresarial, i on s\u2019ofereix l\u2019acc\u00e9s a continguts i serveis del sector.<\/p>\n<p><b>ACCEPTACI\u00d3 DE LES CONDICIONS D\u2019\u00daS<\/b><\/p>\n<p>L\u2019acc\u00e9s a la Web www.responsablia.com implica l\u2019acceptaci\u00f3 de les condicions d\u2019\u00fas que en cada moment es trobin vigents en aquesta Web.<\/p>\n<p><b>PROPIETAT INTEL\u00b7LECTUAL<\/b><\/p>\n<p>El codi font, els dissenys gr\u00e0fics, les imatges, les fotografies, les animacions, el software, els textos, aix\u00ed com la informaci\u00f3 i els seus continguts que es recullen en www.responsablia.com estan protegits per la legislaci\u00f3 espanyola i la normativa de drets de propietat intel\u00b7lectual i industrial a favor de \u201cRESPONSABLIA\u201d i no es permet, la reproducci\u00f3 total o parcial d\u2019aquesta Web, ni el seu tractament inform\u00e0tic, comunicaci\u00f3 p\u00fablica, distribuci\u00f3, difusi\u00f3, modificaci\u00f3, transformaci\u00f3 o descompilaci\u00f3, sense el perm\u00eds previ i per escrit del seu titular, \u201cRESPONSABLIA\u201d de conformitat amb els articles 8 i 32 Llei de Propietat Intel\u00b7lectual.<\/p>\n<p>L\u2019usuari, \u00fanica i exclusivament podr\u00e0 utilitzar el material que aparegui en aquesta Web pel seu \u00fas personal i privat, quedant prohibida la seva utilitzaci\u00f3 amb finalitats comercials o per inc\u00f3rrer en activitats il\u00b7l\u00edcites. Tots els drets derivats de la propietat intel\u00b7lectual estan expressament reservats per \u201cRESPONSABLIA\u201d.<\/p>\n<p>\u201cRESPONSABLIA\u201d vetllar\u00e0 pel compliment de les anteriors condicions i per el correcte \u00fas dels continguts presentats en el seu portal, exercitant totes les accions civils i penals que li corresponguin en el cas d\u2019infracci\u00f3 o incompliment d\u2019aquests drets per part de l\u2019usuari.<\/p>\n<p><b>PROTECCI\u00d3 DE DADES DE CARACTER PERSONAL<\/b><\/p>\n<p>L\u2019acc\u00e9s a la p\u00e0gina Web o la seva utilitzaci\u00f3 no implica una recollida de dades personals de l\u2019usuari per part de \u201cRESPONSABLIA\u201d. No obstant, es comunica que, en el cas de que \u201cRESPONSABLIA\u201d sol\u00b7liciti dades personals, s\u2019informar\u00e0 degudament a l\u2019usuari conforme al que s\u2019estableix a la Llei Org\u00e0nica 15\/1999, de 13 de desembre, de Protecci\u00f3 de Dades de Car\u00e0cter Personal.<\/p>\n<p>Les Dades Personals que es recullen als formularis o documents an\u00e0legs de sol\u00b7licitud d\u2019informaci\u00f3 de \u201cRESPONSABLIA\u201d seran objecte de tractament i s\u2019incorporaran als corresponents fitxers, dels quals la titularitat correspon a \u201cRESPONSABLIA\u201d.<\/p>\n<p>La recollida i tractament de les Dades de Car\u00e0cter Personal t\u00e9 com a finalitat el manteniment de la relaci\u00f3 contractual que en el seu cas s\u2019estableixi amb \u201cRESPONSABLIA\u201d, aix\u00ed com la gesti\u00f3, administraci\u00f3, informaci\u00f3, prestaci\u00f3 i millora dels serveis que l\u2019usuari decideixi contractar.<\/p>\n<p>\u201cRESPONSABLIA\u201d ha pres les mesures d\u2019\u00edndole t\u00e8cnica i organitzativa necess\u00e0ries per garantir la seguretat de les dades i evitar la seva alteraci\u00f3, p\u00e8rdua, tractament o acc\u00e9s no autoritzat, tenint en compte l\u2019estat de la tecnologia, la natura de les dades emmagatzemades i els riscos a que es troben exposats, ja provinguin de l\u2019acci\u00f3 humana o del mitj\u00e0 f\u00edsic o natural. S\u2019 adoptaran les mesures t\u00e8cniques i organitzatives que persegueixin arribar als objectius b\u00e0sics en mat\u00e8ria de seguretat, com son: la confidencialitat, entesa com la limitaci\u00f3 d\u2019acc\u00e9s a la informaci\u00f3 per persones no autoritzades; l\u2019integritat, entesa com el manteniment de la informaci\u00f3 fiable i amb qualitat, i la disponibilitat, entesa com la garant\u00eda d\u2019acc\u00e9s al sistema d\u2019informaci\u00f3 per la sol\u00b7licitud d\u2019un usuari autoritzat.<\/p>\n<p><b>COOKIES<\/b><\/p>\n<p>Les cookies s\u00f3n petits arxius que el nostre ordinador tramet al seu, per\u00f2 que no ens proporcionen informaci\u00f3 ni sobre el seu nom, ni sobre qualsevol altra dada de car\u00e0cter personal seva, constant \u00fanicament a efectes de funcionament, seguretat i estad\u00edstiques. Les cookies que utilitzem no poden llegir dades del seu ordinador ni llegir les cookies que hi hagu\u00e9s en el seu ordinador d\u2019altres Web. Si vol pot configurar el seu navegador perqu\u00e8 l\u2019avisi en pantalla quan rep una cookie. Si l\u2019usuari decideix que el seu ordinador no rebi aquestes cookies, aix\u00f2 no impedir\u00e0 que es pugui accedir a la informaci\u00f3 de la p\u00e0gina www.responsablia.com.<br \/>\n<b>LIMITACIO DE LA RESPONSABILITAT<\/b><\/p>\n<p>\u201cRESPONSABLIA\u201d no es responsabilitza dels possibles danys o perjudicis que puguin succeir com a conseq\u00fc\u00e8ncia de l\u2019\u00fas dels continguts de la Web, sent d\u2019exclusiva responsabilitat de l\u2019usuari que accedeixi als mateixos.<\/p>\n<p>En el mateix sentit, \u201cRESPONSABLIA\u201d no es responsabilitza dels possibles perjudicis que es puguin derivar de l\u2019\u00fas d\u2019una versi\u00f3 no actualitzada o defectuosa del navegador, d\u2019interrupcions en la connexi\u00f3 que es produeixin durant la transmissi\u00f3 de dades, virus inform\u00e0tics, avaries o desconnexions en el funcionament del sistema telem\u00e0tic, de blocatges causats per defici\u00e8ncies o sobrec\u00e0rregues de l\u00ednies telef\u00f2niques, aix\u00ed com de danys provocats per terceres persones mitjan\u00e7ant intromissions no autoritzades.<\/p>\n<p>La Web de \u201cRESPONSABLIA\u201d conte enlla\u00e7os a altres p\u00e0gines Web que puguin resultar d\u2019inter\u00e8s pels usuaris. \u201cRESPONSABLIA\u201d no assumeix cap responsabilitat sobre aquests enlla\u00e7os, no podent garantir-se el compliment de pol\u00edtiques de privacitat adequades, motiu pel qual l\u2019usuari accedeix al contingut de les referides p\u00e0gines Web en les condicions d\u2019us que es fixin en les mateixes i sota la seva exclusiva responsabilitat.<\/p>\n<p>\u201cRESPONSABLIA\u201d no es fa responsable de l&#8217;incompliment de qualsevol norma aplicable en la qual pugui inc\u00f3rrer l\u2019usuari en el seu acc\u00e9s a la Web www.responsablia.com i\/o en l\u2019\u00fas de les informacions contingudes en ella.<\/p>\n<p>\u201cRESPONSABLIA\u201d es reserva el dret a interrompre o denegar discrecionalment, en qualsevol moment i sense necessitat de previ av\u00eds, l\u2019acc\u00e9s de qualsevol usuari als continguts d\u2019acc\u00e9s restringit, quan concorrin algunes de les circumstancies descrites.<\/p>\n<p><b>ENLLA\u00c7OS<\/b><\/p>\n<p>Tots els enlla\u00e7os o links, hipertextual, framing o qualsevol altre tipus de connexi\u00f3 virtual a trav\u00e9s de xarxes de telecomunicaci\u00f3 des de qualsevol Web a la nostra p\u00e0gina Web, haur\u00e0 de ser sol\u00b7licitada i autoritzada pr\u00e8viament i per escrit per \u201cRESPONSABLIA\u201d, i en el seu defecte els enlla\u00e7os que s\u2019estableixin en aquesta Web, hauran de fer-se a la seva p\u00e0gina d\u2019inici.<\/p>\n<p>Els enlla\u00e7os que es realitzin a p\u00e0gines Web de tercers tenen \u00fanicament una finalitat orientativa, sent el seu objecte el posar a disposici\u00f3 de l\u2019usuari altres fonts de informaci\u00f3 que poguessin ser del seu inter\u00e8s.<\/p>\n<p>\u201cRESPONSABLIA\u201d procura revisar peri\u00f2dicament el contingut dels seus enlla\u00e7os. No obstant, \u00e9s impossible con\u00e8ixer en tot moment el contingut concret dels enlla\u00e7os proposats. Derivat d\u2019aquest fet, sol\u00b7licitem la col\u00b7laboraci\u00f3 de qualsevol usuari que accedeixi als referits continguts en el sup\u00f2sit que els seus continguts poguessin ser contraris a la legalitat vigent, moral o ordre p\u00fablic, posant-ho en coneixement a trav\u00e9s del seg\u00fcent correu electr\u00f2nic info@responsablia.com.<\/p>\n<p><b>RESPONSABILITAT<\/b><\/p>\n<p>En definitiva, l\u2019usuari \u00e9s l\u2019\u00fanic responsable de l\u2019\u00fas que realitzi dels serveis, continguts, enlla\u00e7os (links) i hipertextos inclosos en la Web www.responsablia.com.<\/p>\n<p><b>POLITICA DE PRIVACITAT<\/b><\/p>\n<p>Les dades de car\u00e0cter personal assolides mitjan\u00e7ant els diferents formularis de registre estan subjectes als terminis recollits en la nostra Pol\u00edtica de Privacitat.<\/p>\n<p><b>RESERVA<\/b><\/p>\n<p>\u201cRESPONSABLIA\u201d es reserva la facultat a tota hora, sense necessitat de previ av\u00eds, d\u2019efectuar modificacions i actualitzacions de la informaci\u00f3 continguda a la seva Web o a la seva configuraci\u00f3 i presentaci\u00f3. Aix\u00ed mateix es reserva el dret a suspendre temporalment, i sense que sigui necessari previ av\u00eds, l\u2019accessibilitat a la Web per raons d\u2019una eventual necessitat i per efectuar operacions de manteniment, reparaci\u00f3 o millora.<\/p>\n<p>\u201cRESPONSABLIA\u201d es reserva el dret a incloure o retirar de manera total o parcialment de la Web, qualsevol informaci\u00f3 a la seva exclusiva discreci\u00f3.<\/p>\n<p><b>LLEI APLICABLE I JURISDICCI\u00d3<\/b><\/p>\n<p>Per totes aquelles q\u00fcestions que es puguin suscitar amb motiu d\u2019interpretaci\u00f3, execuci\u00f3 o eventual incompliment de les presents condicions d\u2019utilitzaci\u00f3, els usuaris, amb renuncia a la seva pr\u00f2pia jurisdicci\u00f3, i amb independ\u00e8ncia del lloc on se susciti qualsevol disputa, se sotmetran expressament a la compet\u00e8ncia i jurisdicci\u00f3 dels jutjats i tribunals de Barcelona.<\/p>\n<p>Les presents condicions es regiran, en tot cas, per la legislaci\u00f3 espanyola.<\/p>\n<p>\u201cRESPONSABLIA, S.L.\u201d<br \/>\nTots els drets reservats<\/p>\n","protected":false},"excerpt":{"rendered":"<p>DADES IDENTIFICATIVES En compliment amb el deure de informaci\u00f3 recollit en l\u2019article 10 de la Llei 34\/2002, de 11 de juliol, de Serveis de la Societat de la Informaci\u00f3 i del Comer\u00e7 Electr\u00f2nic, a continuaci\u00f3 es faciliten les seg\u00fcents dades: L\u2019empresa titular d\u2019aquesta Web \u00e9s \u201cRESPONSABLIA, S.L.\u201d, amb domicili a Rambla Badal 104, Esc. B, &hellip;<\/p>\n<p class=\"read-more\"> <a class=\"ast-button\" href=\"https:\/\/www.responsablia.com\/ca\/avis-legal\/\"> <span class=\"screen-reader-text\">Av\u00eds legal<\/span> Read More \u00bb<\/a><\/p>\n","protected":false},"author":1,"featured_media":0,"parent":0,"menu_order":0,"comment_status":"closed","ping_status":"closed","template":"","meta":[],"_links":{"self":[{"href":"https:\/\/www.responsablia.com\/ca\/wp-json\/wp\/v2\/pages\/659"}],"collection":[{"href":"https:\/\/www.responsablia.com\/ca\/wp-json\/wp\/v2\/pages"}],"about":[{"href":"https:\/\/www.responsablia.com\/ca\/wp-json\/wp\/v2\/types\/page"}],"author":[{"embeddable":true,"href":"https:\/\/www.responsablia.com\/ca\/wp-json\/wp\/v2\/users\/1"}],"replies":[{"embeddable":true,"href":"https:\/\/www.responsablia.com\/ca\/wp-json\/wp\/v2\/comments?post=659"}],"version-history":[{"count":1,"href":"https:\/\/www.responsablia.com\/ca\/wp-json\/wp\/v2\/pages\/659\/revisions"}],"predecessor-version":[{"id":660,"href":"https:\/\/www.responsablia.com\/ca\/wp-json\/wp\/v2\/pages\/659\/revisions\/660"}],"wp:attachment":[{"href":"https:\/\/www.responsablia.com\/ca\/wp-json\/wp\/v2\/media?parent=659"}],"curies":[{"name":"wp","href":"https:\/\/api.w.org\/{rel}","templated":true}]}}