{"id":661,"date":"2015-06-03T12:25:50","date_gmt":"2015-06-03T11:25:50","guid":{"rendered":"https:\/\/www.responsablia.com\/?page_id=661"},"modified":"2020-05-10T09:36:36","modified_gmt":"2020-05-10T08:36:36","slug":"politica-de-privacitat","status":"publish","type":"page","link":"https:\/\/www.responsablia.com\/ca\/politica-de-privacitat\/","title":{"rendered":"Pol\u00edtica de privacitat"},"content":{"rendered":"<p>A trav\u00e9s del present av\u00eds, \u201cRESPONSABLIA, S.L.\u201d (des d\u2019ara \u201cRESPONSABLIA\u201d), informa els usuaris de la Web www.responsablia.com, en compliment de l\u2019article 5 de la Llei Org\u00e0nica 15\/1999, de 13 de desembre, de Protecci\u00f3 de Dades, de la seva pol\u00edtica de protecci\u00f3 de dades personals amb la finalitat de que aquests decideixin de forma expressa, lliure i volunt\u00e0ria, facilitar a \u201cRESPONSABLIA\u201d les dades personals que els hi son sol\u00b7licitades motivat per la seva sol\u00b7licitud d\u2019informaci\u00f3 o per a la contractaci\u00f3 de les diverses prestacions de serveis que s\u2019ofereixen dins l\u2019\u00e0mbit de la consultoria de gesti\u00f3 empresarial i altres serveis relacionats.<\/p>\n<p>Per tant, s\u2019informa els usuaris que les dades de car\u00e0cter personal facilitades seran incorporades en un fitxer, degudament inscrit en el Registre General de Protecci\u00f3 de Dades, del qual el titular i responsable es \u201cRESPONSABLIA\u201d (CIF: B65935991), amb domicili social a Rambla Badal 104, Esc. B, 8\u00ba-3\u00aa, 08014 de Barcelona, duent a terme un tractament amb la finalitat potenciar i mantenir la relaci\u00f3 de col\u00b7laboraci\u00f3, contractual o negocial que en el seu cas s\u2019estableixi aix\u00ed com per rebre informaci\u00f3 publicit\u00e0ria sobre els nostres serveis.<\/p>\n<p>Excepte que espec\u00edficament s\u2019estableixi el contrari, es considera necessari completar totes les dades requerides en el formulari o impr\u00e8s an\u00e0leg de forma veritable, exacta, completa i actualitzada. En cas contrari, \u201cRESPONSABLIA\u201d podr\u00e0, depenent del cas, no procedir al registre de l\u2019usuari, o b\u00e9 denegar el servei concret sol\u00b7licitat.<\/p>\n<p>De la mateixa manera, de conformitat amb el que s\u2019estableix a la Llei de protecci\u00f3 de dades, l\u2019usuari pot exercir els seus drets d\u2019acc\u00e9s, rectificaci\u00f3, cancel\u00b7laci\u00f3 i oposici\u00f3, dirigint una comunicaci\u00f3 escrita a \u201cRESPONSABLIA\u201d, Rambla Badal 104, Esc. B, 8\u00ba-3\u00aa, 08014 de Barcelona, en la qual acrediti la seva identitat. La sol\u00b7licitud haur\u00e0 de contenir nom, cognoms i fotocopia del DNI de l\u2019interessat o del seu representant legal, aix\u00ed com document acreditatiu de la representaci\u00f3, petici\u00f3 en la qual es concreti la sol\u00b7licitud, domicili a efectes de notificacions, data i signatura del sol\u00b7licitant i documents acreditatius de la petici\u00f3 que formula. Si la sol\u00b7licitud no reuneix els requisits especificats es requerir\u00e0 la seva reparaci\u00f3. Respecte al dret d\u2019acc\u00e9s, \u00fanicament es denegar\u00e0 quan la sol\u00b7licitud no acompleixi els requisits anteriorment citats i no s\u2019acrediti cap inter\u00e8s leg\u00edtim a l\u2019efecte. No s\u2019exigir\u00e0 cap contraprestaci\u00f3 per l\u2019exercici dels drets.<\/p>\n<p>No es podran atendre les sol\u00b7licituds respecte a l\u2019exercici del dret de cancel\u00b7laci\u00f3 de dades identificatives dels usuaris mentre aquests mantinguin la seva relaci\u00f3 amb \u201cRESPONSABLIA\u201d. No obstant aix\u00f2, els usuaris poden oposar-se al tractament de les seves dades respecte a la recepci\u00f3 d\u2019informaci\u00f3 publicit\u00e0ria dels nostres serveis.<\/p>\n<p>\u201cRESPONSABLIA\u201d ha pres les mesures d\u2019\u00edndole t\u00e8cnica i organitzativa necess\u00e0ries per garantir la seguretat de les dades i evitar la seva alteraci\u00f3, p\u00e8rdua, tractament o acc\u00e9s no autoritzat, tenint en compte l\u2019estat de la tecnologia, la natura de les dades emmagatzemades i els riscos a que es troben exposades, ja provinguin de l\u2019acci\u00f3 humana o del mitj\u00e0 f\u00edsic o natural. S\u2019han adoptat les mesures d\u2019\u00edndole t\u00e8cniques i organitzatives que persegueixen assolir els objectius b\u00e0sics en mat\u00e8ria de seguretat, com son: la confidencialitat, entesa com la limitaci\u00f3 d\u2019acc\u00e9s a la informaci\u00f3 per persones no autoritzades; l\u2019integritat, entesa com el manteniment de la informaci\u00f3 fiable i amb qualitat, i la disponibilitat, entesa com la garant\u00eda d\u2019acc\u00e9s al sistema d\u2019informaci\u00f3 per la sol\u00b7licitud d\u2019un usuari autoritzat.<\/p>\n<p>En compliment de la Llei 34\/2002 de 11 de juliol de Serveis de la Informaci\u00f3 i del Comer\u00e7 Electr\u00f2nic i de les modificacions en ella introdu\u00efdes per la Llei 32\/2003 de 3 de novembre, General de Telecomunicacions, s\u2019adverteix que l\u2019acceptaci\u00f3 de la present cl\u00e0usula implica, a m\u00e9s, el seu consentiment per a rebre comunicacions publicit\u00e0ries dels nostres serveis, aix\u00ed com comunicacions de diferent naturalesa que no siguin incompatibles. En tota hora l\u2019usuari pot oposar-se al tractament de les seves dades per aquestes finalitats i revocar el consentiment prestat, sent suficient amb dirigir una comunicaci\u00f3 escrita a \u201cRESPONSABLIA\u201d, Rambla Badal 104, Esc. B, 8\u00ba-3\u00aa, 08014 de Barcelona o per correu electr\u00f2nic a l\u2019adre\u00e7a electr\u00f2nica info@responsablia.com, indicant en l\u2019assumpte del correu \u201cDONAR DE BAIXA\u201d.<\/p>\n<p>La Web de \u201cRESPONSABLIA\u201d conte enlla\u00e7os a altres p\u00e0gines Web que puguin resultar d\u2019inter\u00e8s pels usuaris. \u201cRESPONSABLIA\u201d no assumeix cap responsabilitat sobre aquests enlla\u00e7os, sense que es pugui donar cap garantia en el compliment de pol\u00edtiques de privacitat adequades, pel que l\u2019usuari accedeix al contingut de les referides p\u00e0gines Web en les condicions d\u2019us que es fixin en les mateixes i sota la seva exclusiva responsabilitat.<\/p>\n<p>Els usuaris que tinguin algun dubte, q\u00fcesti\u00f3 o recomanaci\u00f3 sobre la nostra Pol\u00edtica de Privacitat, poden dirigir-se a trav\u00e9s de correu electr\u00f2nic a la seg\u00fcent adre\u00e7a: info@responsablia.com.<\/p>\n<p>\u201cRESPONSABLIA, S.L.\u201d<br \/>\nTots els drets reservats<\/p>\n","protected":false},"excerpt":{"rendered":"<p>A trav\u00e9s del present av\u00eds, \u201cRESPONSABLIA, S.L.\u201d (des d\u2019ara \u201cRESPONSABLIA\u201d), informa els usuaris de la Web www.responsablia.com, en compliment de l\u2019article 5 de la Llei Org\u00e0nica 15\/1999, de 13 de desembre, de Protecci\u00f3 de Dades, de la seva pol\u00edtica de protecci\u00f3 de dades personals amb la finalitat de que aquests decideixin de forma expressa, lliure &hellip;<\/p>\n<p class=\"read-more\"> <a class=\"ast-button\" href=\"https:\/\/www.responsablia.com\/ca\/politica-de-privacitat\/\"> <span class=\"screen-reader-text\">Pol\u00edtica de privacitat<\/span> Read More \u00bb<\/a><\/p>\n","protected":false},"author":1,"featured_media":0,"parent":0,"menu_order":0,"comment_status":"closed","ping_status":"closed","template":"","meta":[],"_links":{"self":[{"href":"https:\/\/www.responsablia.com\/ca\/wp-json\/wp\/v2\/pages\/661"}],"collection":[{"href":"https:\/\/www.responsablia.com\/ca\/wp-json\/wp\/v2\/pages"}],"about":[{"href":"https:\/\/www.responsablia.com\/ca\/wp-json\/wp\/v2\/types\/page"}],"author":[{"embeddable":true,"href":"https:\/\/www.responsablia.com\/ca\/wp-json\/wp\/v2\/users\/1"}],"replies":[{"embeddable":true,"href":"https:\/\/www.responsablia.com\/ca\/wp-json\/wp\/v2\/comments?post=661"}],"version-history":[{"count":1,"href":"https:\/\/www.responsablia.com\/ca\/wp-json\/wp\/v2\/pages\/661\/revisions"}],"predecessor-version":[{"id":662,"href":"https:\/\/www.responsablia.com\/ca\/wp-json\/wp\/v2\/pages\/661\/revisions\/662"}],"wp:attachment":[{"href":"https:\/\/www.responsablia.com\/ca\/wp-json\/wp\/v2\/media?parent=661"}],"curies":[{"name":"wp","href":"https:\/\/api.w.org\/{rel}","templated":true}]}}